{"id":9813,"date":"2018-04-23T09:24:06","date_gmt":"2018-04-23T13:24:06","guid":{"rendered":"https:\/\/wp.nosm.ca\/?page_id=9813"},"modified":"2018-04-23T10:33:24","modified_gmt":"2018-04-23T14:33:24","slug":"2010-nhrc-conference","status":"publish","type":"page","link":"https:\/\/www.nosm.ca\/fr\/research\/research-conferences-gatherings-and-publications\/northern-health-research-conference\/first-ten-years-of-nhrc\/2010-nhrc-conference\/","title":{"rendered":"2010 NHRC Conference"},"content":{"rendered":"<p class=\"qtranxs-available-languages-message qtranxs-available-languages-message-fr\">D\u00e9sol\u00e9,  cette entr\u00e9e de donn\u00e9es est seulement disponible en <a href=\"https:\/\/www.nosm.ca\/en\/wp-json\/wp\/v2\/pages\/9813\" class=\"qtranxs-available-language-link qtranxs-available-language-link-en\" title=\"English\">English<\/a>.<\/p>","protected":false},"excerpt":{"rendered":"<p>D\u00e9sol\u00e9, cette entr\u00e9e de donn\u00e9es est seulement disponible en English.<\/p>\n","protected":false},"author":16,"featured_media":0,"parent":1555,"menu_order":16,"comment_status":"closed","ping_status":"closed","template":"","meta":{"_acf_changed":false,"footnotes":""},"class_list":["post-9813","page","type-page","status-publish","hentry"],"acf":[],"_links":{"self":[{"href":"https:\/\/www.nosm.ca\/fr\/wp-json\/wp\/v2\/pages\/9813","targetHints":{"allow":["GET"]}}],"collection":[{"href":"https:\/\/www.nosm.ca\/fr\/wp-json\/wp\/v2\/pages"}],"about":[{"href":"https:\/\/www.nosm.ca\/fr\/wp-json\/wp\/v2\/types\/page"}],"author":[{"embeddable":true,"href":"https:\/\/www.nosm.ca\/fr\/wp-json\/wp\/v2\/users\/16"}],"replies":[{"embeddable":true,"href":"https:\/\/www.nosm.ca\/fr\/wp-json\/wp\/v2\/comments?post=9813"}],"version-history":[{"count":2,"href":"https:\/\/www.nosm.ca\/fr\/wp-json\/wp\/v2\/pages\/9813\/revisions"}],"predecessor-version":[{"id":9821,"href":"https:\/\/www.nosm.ca\/fr\/wp-json\/wp\/v2\/pages\/9813\/revisions\/9821"}],"up":[{"embeddable":true,"href":"https:\/\/www.nosm.ca\/fr\/wp-json\/wp\/v2\/pages\/1555"}],"wp:attachment":[{"href":"https:\/\/www.nosm.ca\/fr\/wp-json\/wp\/v2\/media?parent=9813"}],"curies":[{"name":"wp","href":"https:\/\/api.w.org\/{rel}","templated":true}]}}