{"id":9685,"date":"2018-04-20T15:30:00","date_gmt":"2018-04-20T19:30:00","guid":{"rendered":"https:\/\/wp.nosm.ca\/?page_id=9685"},"modified":"2018-04-23T09:28:31","modified_gmt":"2018-04-23T13:28:31","slug":"2017-nhrc-keynote-speakers","status":"publish","type":"page","link":"https:\/\/www.nosm.ca\/fr\/research\/research-conferences-gatherings-and-publications\/northern-health-research-conference\/first-ten-years-of-nhrc\/2017-nhrc-keynote-speakers\/","title":{"rendered":"2017 NHRC Keynote Speakers"},"content":{"rendered":"<p class=\"qtranxs-available-languages-message qtranxs-available-languages-message-fr\">D\u00e9sol\u00e9,  cette entr\u00e9e de donn\u00e9es est seulement disponible en <a href=\"https:\/\/www.nosm.ca\/en\/wp-json\/wp\/v2\/pages\/9685\" class=\"qtranxs-available-language-link qtranxs-available-language-link-en\" title=\"English\">English<\/a>.<\/p>","protected":false},"excerpt":{"rendered":"<p>D\u00e9sol\u00e9, cette entr\u00e9e de donn\u00e9es est seulement disponible en English.<\/p>\n","protected":false},"author":16,"featured_media":0,"parent":1555,"menu_order":4,"comment_status":"closed","ping_status":"closed","template":"","meta":{"_acf_changed":false,"footnotes":""},"class_list":["post-9685","page","type-page","status-publish","hentry"],"acf":[],"_links":{"self":[{"href":"https:\/\/www.nosm.ca\/fr\/wp-json\/wp\/v2\/pages\/9685","targetHints":{"allow":["GET"]}}],"collection":[{"href":"https:\/\/www.nosm.ca\/fr\/wp-json\/wp\/v2\/pages"}],"about":[{"href":"https:\/\/www.nosm.ca\/fr\/wp-json\/wp\/v2\/types\/page"}],"author":[{"embeddable":true,"href":"https:\/\/www.nosm.ca\/fr\/wp-json\/wp\/v2\/users\/16"}],"replies":[{"embeddable":true,"href":"https:\/\/www.nosm.ca\/fr\/wp-json\/wp\/v2\/comments?post=9685"}],"version-history":[{"count":3,"href":"https:\/\/www.nosm.ca\/fr\/wp-json\/wp\/v2\/pages\/9685\/revisions"}],"predecessor-version":[{"id":9691,"href":"https:\/\/www.nosm.ca\/fr\/wp-json\/wp\/v2\/pages\/9685\/revisions\/9691"}],"up":[{"embeddable":true,"href":"https:\/\/www.nosm.ca\/fr\/wp-json\/wp\/v2\/pages\/1555"}],"wp:attachment":[{"href":"https:\/\/www.nosm.ca\/fr\/wp-json\/wp\/v2\/media?parent=9685"}],"curies":[{"name":"wp","href":"https:\/\/api.w.org\/{rel}","templated":true}]}}