{"id":9019,"date":"2018-04-12T10:55:04","date_gmt":"2018-04-12T14:55:04","guid":{"rendered":"https:\/\/wp.nosm.ca\/?page_id=9019"},"modified":"2023-01-09T15:04:58","modified_gmt":"2023-01-09T20:04:58","slug":"konrad-leszczynski-ph-d-fccpm","status":"publish","type":"page","link":"https:\/\/www.nosm.ca\/fr\/faculty\/medical-sciences\/faculty-bios\/konrad-leszczynski-ph-d-fccpm\/","title":{"rendered":"Konrad Leszczynski, PhD FCCPM"},"content":{"rendered":"<p class=\"qtranxs-available-languages-message qtranxs-available-languages-message-fr\">D\u00e9sol\u00e9,  cette entr\u00e9e de donn\u00e9es est seulement disponible en <a href=\"https:\/\/www.nosm.ca\/en\/wp-json\/wp\/v2\/pages\/9019\" class=\"qtranxs-available-language-link qtranxs-available-language-link-en\" title=\"English\">English<\/a>.<\/p>","protected":false},"excerpt":{"rendered":"<p>D\u00e9sol\u00e9, cette entr\u00e9e de donn\u00e9es est seulement disponible en English.<\/p>\n","protected":false},"author":16,"featured_media":0,"parent":8938,"menu_order":19,"comment_status":"closed","ping_status":"closed","template":"","meta":{"_acf_changed":false,"footnotes":""},"class_list":["post-9019","page","type-page","status-publish","hentry"],"acf":[],"_links":{"self":[{"href":"https:\/\/www.nosm.ca\/fr\/wp-json\/wp\/v2\/pages\/9019","targetHints":{"allow":["GET"]}}],"collection":[{"href":"https:\/\/www.nosm.ca\/fr\/wp-json\/wp\/v2\/pages"}],"about":[{"href":"https:\/\/www.nosm.ca\/fr\/wp-json\/wp\/v2\/types\/page"}],"author":[{"embeddable":true,"href":"https:\/\/www.nosm.ca\/fr\/wp-json\/wp\/v2\/users\/16"}],"replies":[{"embeddable":true,"href":"https:\/\/www.nosm.ca\/fr\/wp-json\/wp\/v2\/comments?post=9019"}],"version-history":[{"count":2,"href":"https:\/\/www.nosm.ca\/fr\/wp-json\/wp\/v2\/pages\/9019\/revisions"}],"predecessor-version":[{"id":58518,"href":"https:\/\/www.nosm.ca\/fr\/wp-json\/wp\/v2\/pages\/9019\/revisions\/58518"}],"up":[{"embeddable":true,"href":"https:\/\/www.nosm.ca\/fr\/wp-json\/wp\/v2\/pages\/8938"}],"wp:attachment":[{"href":"https:\/\/www.nosm.ca\/fr\/wp-json\/wp\/v2\/media?parent=9019"}],"curies":[{"name":"wp","href":"https:\/\/api.w.org\/{rel}","templated":true}]}}