{"id":9010,"date":"2018-04-12T10:33:28","date_gmt":"2018-04-12T14:33:28","guid":{"rendered":"https:\/\/wp.nosm.ca\/?page_id=9010"},"modified":"2023-01-09T15:03:03","modified_gmt":"2023-01-09T20:03:03","slug":"tom-kovala-ph-d","status":"publish","type":"page","link":"https:\/\/www.nosm.ca\/fr\/faculty\/medical-sciences\/faculty-bios\/tom-kovala-ph-d\/","title":{"rendered":"Tom Kovala, PhD"},"content":{"rendered":"<p class=\"qtranxs-available-languages-message qtranxs-available-languages-message-fr\">D\u00e9sol\u00e9,  cette entr\u00e9e de donn\u00e9es est seulement disponible en <a href=\"https:\/\/www.nosm.ca\/en\/wp-json\/wp\/v2\/pages\/9010\" class=\"qtranxs-available-language-link qtranxs-available-language-link-en\" title=\"English\">English<\/a>.<\/p>","protected":false},"excerpt":{"rendered":"<p>D\u00e9sol\u00e9, cette entr\u00e9e de donn\u00e9es est seulement disponible en English.<\/p>\n","protected":false},"author":16,"featured_media":0,"parent":8938,"menu_order":16,"comment_status":"closed","ping_status":"closed","template":"","meta":{"_acf_changed":false,"footnotes":""},"class_list":["post-9010","page","type-page","status-publish","hentry"],"acf":[],"_links":{"self":[{"href":"https:\/\/www.nosm.ca\/fr\/wp-json\/wp\/v2\/pages\/9010","targetHints":{"allow":["GET"]}}],"collection":[{"href":"https:\/\/www.nosm.ca\/fr\/wp-json\/wp\/v2\/pages"}],"about":[{"href":"https:\/\/www.nosm.ca\/fr\/wp-json\/wp\/v2\/types\/page"}],"author":[{"embeddable":true,"href":"https:\/\/www.nosm.ca\/fr\/wp-json\/wp\/v2\/users\/16"}],"replies":[{"embeddable":true,"href":"https:\/\/www.nosm.ca\/fr\/wp-json\/wp\/v2\/comments?post=9010"}],"version-history":[{"count":3,"href":"https:\/\/www.nosm.ca\/fr\/wp-json\/wp\/v2\/pages\/9010\/revisions"}],"predecessor-version":[{"id":58515,"href":"https:\/\/www.nosm.ca\/fr\/wp-json\/wp\/v2\/pages\/9010\/revisions\/58515"}],"up":[{"embeddable":true,"href":"https:\/\/www.nosm.ca\/fr\/wp-json\/wp\/v2\/pages\/8938"}],"wp:attachment":[{"href":"https:\/\/www.nosm.ca\/fr\/wp-json\/wp\/v2\/media?parent=9010"}],"curies":[{"name":"wp","href":"https:\/\/api.w.org\/{rel}","templated":true}]}}