{"id":8923,"date":"2018-04-10T13:44:27","date_gmt":"2018-04-10T17:44:27","guid":{"rendered":"https:\/\/wp.nosm.ca\/?page_id=8923"},"modified":"2024-01-10T11:44:36","modified_gmt":"2024-01-10T16:44:36","slug":"spectrum","status":"publish","type":"page","link":"https:\/\/www.nosm.ca\/fr\/faculty\/human-sciences\/spectrum\/","title":{"rendered":"Infolettre &#8211; Spectrum"},"content":{"rendered":"<p class=\"qtranxs-available-languages-message qtranxs-available-languages-message-fr\">D\u00e9sol\u00e9,  cette entr\u00e9e de donn\u00e9es est seulement disponible en <a href=\"https:\/\/www.nosm.ca\/en\/wp-json\/wp\/v2\/pages\/8923\" class=\"qtranxs-available-language-link qtranxs-available-language-link-en\" title=\"English\">English<\/a>.<\/p>","protected":false},"excerpt":{"rendered":"<p>D\u00e9sol\u00e9, cette entr\u00e9e de donn\u00e9es est seulement disponible en English.<\/p>\n","protected":false},"author":16,"featured_media":0,"parent":2490,"menu_order":4,"comment_status":"closed","ping_status":"closed","template":"","meta":{"_acf_changed":false,"footnotes":""},"class_list":["post-8923","page","type-page","status-publish","hentry"],"acf":[],"_links":{"self":[{"href":"https:\/\/www.nosm.ca\/fr\/wp-json\/wp\/v2\/pages\/8923","targetHints":{"allow":["GET"]}}],"collection":[{"href":"https:\/\/www.nosm.ca\/fr\/wp-json\/wp\/v2\/pages"}],"about":[{"href":"https:\/\/www.nosm.ca\/fr\/wp-json\/wp\/v2\/types\/page"}],"author":[{"embeddable":true,"href":"https:\/\/www.nosm.ca\/fr\/wp-json\/wp\/v2\/users\/16"}],"replies":[{"embeddable":true,"href":"https:\/\/www.nosm.ca\/fr\/wp-json\/wp\/v2\/comments?post=8923"}],"version-history":[{"count":25,"href":"https:\/\/www.nosm.ca\/fr\/wp-json\/wp\/v2\/pages\/8923\/revisions"}],"predecessor-version":[{"id":65969,"href":"https:\/\/www.nosm.ca\/fr\/wp-json\/wp\/v2\/pages\/8923\/revisions\/65969"}],"up":[{"embeddable":true,"href":"https:\/\/www.nosm.ca\/fr\/wp-json\/wp\/v2\/pages\/2490"}],"wp:attachment":[{"href":"https:\/\/www.nosm.ca\/fr\/wp-json\/wp\/v2\/media?parent=8923"}],"curies":[{"name":"wp","href":"https:\/\/api.w.org\/{rel}","templated":true}]}}