{"id":8776,"date":"2018-04-05T15:35:41","date_gmt":"2018-04-05T19:35:41","guid":{"rendered":"https:\/\/wp.nosm.ca\/?page_id=8776"},"modified":"2025-07-07T10:21:32","modified_gmt":"2025-07-07T14:21:32","slug":"erin_cameron","status":"publish","type":"page","link":"https:\/\/www.nosm.ca\/fr\/faculty\/human-sciences\/faculty-by-rank\/erin_cameron\/","title":{"rendered":"Erin Cameron, PhD (she\/her\/elle)"},"content":{"rendered":"<p class=\"qtranxs-available-languages-message qtranxs-available-languages-message-fr\">D\u00e9sol\u00e9,  cette entr\u00e9e de donn\u00e9es est seulement disponible en <a href=\"https:\/\/www.nosm.ca\/en\/wp-json\/wp\/v2\/pages\/8776\" class=\"qtranxs-available-language-link qtranxs-available-language-link-en\" title=\"English\">English<\/a>.<\/p>","protected":false},"excerpt":{"rendered":"<p>D\u00e9sol\u00e9, cette entr\u00e9e de donn\u00e9es est seulement disponible en English.<\/p>\n","protected":false},"author":16,"featured_media":0,"parent":5907,"menu_order":2,"comment_status":"closed","ping_status":"closed","template":"","meta":{"_acf_changed":false,"footnotes":""},"class_list":["post-8776","page","type-page","status-publish","hentry"],"acf":[],"_links":{"self":[{"href":"https:\/\/www.nosm.ca\/fr\/wp-json\/wp\/v2\/pages\/8776","targetHints":{"allow":["GET"]}}],"collection":[{"href":"https:\/\/www.nosm.ca\/fr\/wp-json\/wp\/v2\/pages"}],"about":[{"href":"https:\/\/www.nosm.ca\/fr\/wp-json\/wp\/v2\/types\/page"}],"author":[{"embeddable":true,"href":"https:\/\/www.nosm.ca\/fr\/wp-json\/wp\/v2\/users\/16"}],"replies":[{"embeddable":true,"href":"https:\/\/www.nosm.ca\/fr\/wp-json\/wp\/v2\/comments?post=8776"}],"version-history":[{"count":47,"href":"https:\/\/www.nosm.ca\/fr\/wp-json\/wp\/v2\/pages\/8776\/revisions"}],"predecessor-version":[{"id":79112,"href":"https:\/\/www.nosm.ca\/fr\/wp-json\/wp\/v2\/pages\/8776\/revisions\/79112"}],"up":[{"embeddable":true,"href":"https:\/\/www.nosm.ca\/fr\/wp-json\/wp\/v2\/pages\/5907"}],"wp:attachment":[{"href":"https:\/\/www.nosm.ca\/fr\/wp-json\/wp\/v2\/media?parent=8776"}],"curies":[{"name":"wp","href":"https:\/\/api.w.org\/{rel}","templated":true}]}}