{"id":8676,"date":"2018-04-04T13:04:26","date_gmt":"2018-04-04T17:04:26","guid":{"rendered":"https:\/\/wp.nosm.ca\/?page_id=8676"},"modified":"2022-08-16T13:12:32","modified_gmt":"2022-08-16T17:12:32","slug":"francophone-symposia","status":"publish","type":"page","link":"https:\/\/www.nosm.ca\/fr\/our-community\/francophone-engagement\/francophone-symposia\/","title":{"rendered":"Symposium francophone"},"content":{"rendered":"<p>Lanc\u00e9s officiellement en mai 2005, les Symposiums francophones de l\u2019Universit\u00e9 de l&rsquo;EMNO (U EMNO) r\u00e9unissent les communaut\u00e9s francophones qui souhaitent \u00e9changer et partager leurs expertises en mati\u00e8re de sant\u00e9 et de services communautaires.<\/p>\n<p>Les Symposiums francophones rassemblent les intervenants, les organismes, les institutions d\u2019enseignement postsecondaire, les conseils scolaires, les r\u00e9seaux de sant\u00e9 et les partenaires en sant\u00e9 et services sociaux francophones ainsi que le grand public.<\/p>\n<p>Cet \u00e9v\u00e9nement, organis\u00e9 \u00e0 tous les deux ou trois ans, favorise la mise en commun des meilleures pratiques, des recherches et des nouveaut\u00e9s dans les services de sant\u00e9 en fran\u00e7ais dans le but d\u2019am\u00e9liorer la sant\u00e9 des francophones du Nord de l\u2019Ontario et d\u2019ailleurs. De plus, ce rassemblement vise \u00e0 accro\u00eetre la collaboration, le partage de connaissances et le r\u00e9seautage et, ainsi, am\u00e9liorer la formation des futurs m\u00e9decins et autres professionnels de la sant\u00e9 de l\u2019U EMNO.<\/p>\n<p>C\u2019est dans cet esprit que l\u2019U EMNO vise \u00e0 accroitre sa participation et son leadership aupr\u00e8s des communaut\u00e9s francophones.<\/p>\n<p>Voici un survol chronologique des symposiums et autres rencontres communautaires qui ont \u00e9t\u00e9 pr\u00e9sent\u00e9es par l\u2019U EMNO \u00e0 date :<\/p>\n<p>2018\u00a0: Sixi\u00e8me symposium\u00a0: La recherche au c\u0153ur de la vitalit\u00e9 francophone (Sudbury)<\/p>\n<p>2015 : Cinqui\u00e8me symposium\u00a0: C\u00e9l\u00e9brons notre pr\u00e9sence francophone dans le Nord de l\u2019Ontario (Sudbury)<\/p>\n<p>2012 : Quatri\u00e8me symposium\u00a0: Rendez-Vous 2012 &#8211; Conf\u00e9rence internationale ICEMEN\u00a0(Thunder Bay)<\/p>\n<p>2010 : Troisi\u00e8me symposium\u00a0: Sant\u00e9 \u2013 un enjeu communautaire (Sudbury)<\/p>\n<p>2007 : Deuxi\u00e8me symposium\u00a0: La grande s\u00e9duction\u2026des m\u00e9decins du Nord de l\u2019Ontario (Timmins)<\/p>\n<p>2005 : Premier symposium\u00a0: Ancrage dans la r\u00e9alit\u00e9 des communaut\u00e9s francophones\u00a0 du Nord de l\u2019Ontario (Sudbury)<\/p>\n<div class='accordion' data-autoclose='true'>\n<div class='accordion-item closed'>\n<h3 class='accordion-title'>2018<\/h3>\n<div class='accordion-content'>\n<h2>Symposium francophone : La recherche au c\u0153ur de la vitalit\u00e9 francophone<\/h2>\n<p>Le Bureau des affaires francophones de l&rsquo;Universit\u00e9 de l&rsquo;EMNO (U EMNO) a \u00e9t\u00e9 l\u2019h\u00f4te de son 6<sup>e <\/sup>symposium francophone du 5 au 7 avril 2018 \u00e0 l\u2019Universit\u00e9 Laurentienne \u00e0 Sudbury (Ontario).<\/p>\n<p>Ce symposium qui a b\u00e9n\u00e9fici\u00e9 d\u2019une collaboration avec l\u2019ACFAS-Sudbury (l\u2019Association francophone du savoir) dans le cadre de son 25<sup>e<\/sup> anniversaire, et le Consortium national de formation en sant\u00e9, volet Universit\u00e9 Laurentienne. L\u2019\u00e9v\u00e9nement collaboratif avait pour th\u00e8me la recherche dans le contexte minoritaire francophone et \u00e9tait intitul\u00e9\u00a0<em>La recherche dans le contexte francophone minoritaire\u00a0: \u00c9largissons nos horizons<\/em>.<\/p>\n<p>L\u2019\u00e9v\u00e9nement a rassembl\u00e9 des professionnels de la sant\u00e9 et des membres de la communaut\u00e9 int\u00e9ress\u00e9s \u00e0 la sant\u00e9 des francophones. En plus de renseigner, les symposiums ont pour but de promouvoir le r\u00e9seautage au sein de la population francophone ainsi que d\u2019explorer des questions importantes et pertinentes touchant la sant\u00e9 de cette population.<\/p>\n<p>Par l\u2019entremise de r\u00e9seautage, de travail en petits groupes et de discussions, les d\u00e9l\u00e9gu\u00e9s ont obtenu les derni\u00e8res nouvelles sur la composante francophone de l\u2019Universit\u00e9 et ont \u00e9t\u00e9 renseign\u00e9s sur les questions de sant\u00e9 et les priorit\u00e9s des francophones en la mati\u00e8re, ainsi que sur les initiatives et \u00e9tudes touchant la sant\u00e9 des francophones dans le Nord de l&rsquo;Ontario et ailleurs.<\/p>\n<p>Veuillez consulter le programme ci-joint pour prendre connaissance de toutes les s\u00e9ances qui ont \u00e9t\u00e9 pr\u00e9sent\u00e9es.<\/p>\n<ul>\n<li><a href=\"https:\/\/www.nosm.ca\/wp-content\/uploads\/2018\/06\/Programme-du-Symposium-francophone-Francophone-Symposium-Program.pdf\" target=\"_blank\" rel=\"noopener noreferrer\">Programme du Symposium francophone<\/a><\/li>\n<\/ul>\n<p>(Rapport : \u00e0 venir)<\/p>\n<\/div>\n<\/div>\n<div class='accordion-item closed'>\n<h3 class='accordion-title'>2015<\/h3>\n<div class='accordion-content'>\n<h2>Symposium francophone : C\u00e9l\u00e9brons notre pr\u00e9sence francophone dans le Nord de\u00a0l\u2019Ontario<\/h2>\n<p>L&rsquo;Universit\u00e9 de l&rsquo;EMNO (U EMNO) a tenu son cinqui\u00e8me symposium francophone du 24 au 26 septembre 2015 \u00e0 l\u2019Universit\u00e9 Laurentienne \u00e0 Sudbury.<\/p>\n<p>Au programme du symposium, surtout ax\u00e9 sur la sant\u00e9 mentale et \u00ab\u00a0l\u2019offre active\u00a0\u00bb (c.-\u00e0-d. veiller \u00e0 ce que les services en fran\u00e7ais soient \u00e9vidents, disponibles et facilement accessibles), figuraient des pr\u00e9sentations et discussions dynamiques ainsi qu\u2019un atelier sur le bien-\u00eatre anim\u00e9 par des \u00e9tudiants en m\u00e9decine. Ces activit\u00e9s ont port\u00e9 principalement sur le renforcement de la capacit\u00e9, les meilleures pratiques et services de sant\u00e9, les approches concert\u00e9es visant \u00e0 am\u00e9liorer la prestation des soins aux francophones du Nord de l&rsquo;Ontario, ainsi que le r\u00e9seautage communautaire.<\/p>\n<p>L\u2019\u00e9ventail des sujets a refl\u00e9t\u00e9 les divers d\u00e9fis que pose la prestation de soins efficaces aux particuliers et communaut\u00e9s francophones.<\/p>\n<p>Veuillez consulter le programme et le rapport pour conna\u00eetre le contenu du symposium francophone 2015.<\/p>\n<ul>\n<li><a href=\"https:\/\/www.nosm.ca\/wp-content\/uploads\/2018\/06\/Programme-du-Symposium-francophone.pdf\" target=\"_blank\" rel=\"noopener noreferrer\">Programme du Symposium francophone<\/a><\/li>\n<li><a href=\"https:\/\/www.nosm.ca\/wp-content\/uploads\/2018\/06\/Rapport-du-symposium-francophone.pdf\" target=\"_blank\" rel=\"noopener noreferrer\">Rapport du Symposium francophone<\/a><b><\/b><\/li>\n<\/ul>\n<\/div>\n<\/div>\n<div class='accordion-item closed'>\n<h3 class='accordion-title'>2012<\/h3>\n<div class='accordion-content'>\n<h2>Symposium francophone : Rendez-Vous 2012 &#8211; Conf\u00e9rence internationale ICEMEN<\/h2>\n<p><em>Des intervenants communautaires et des d\u00e9l\u00e9gu\u00e9s \u00e0 la conf\u00e9rence de partout au monde examinent la sant\u00e9 des francophones.<\/em><\/p>\n<p>L\u2019Universit\u00e9 de l&rsquo;EMNO (U EMNO) a accueilli des intervenants communautaires et d\u00e9l\u00e9gu\u00e9s qui s&rsquo;int\u00e9ressent \u00e0 la sant\u00e9 des francophones dans le cadre du Symposium francophone lors de la conf\u00e9rence internationale Rendez-Vous 2012 tenue \u00e0 Thunder Bay. Cet \u00e9v\u00e9nement d&rsquo;une journ\u00e9e a encourag\u00e9 les participants \u00e0 se pencher sur les pratiques exemplaires actuelles et sur l&rsquo;incidence subs\u00e9quente du service, de la formation et de la recherche sur l&rsquo;\u00e9tat de sant\u00e9 des francophones du Nord de l&rsquo;Ontario et de partout au monde.<\/p>\n<p>Tout au long de ce symposium interactif, les d\u00e9l\u00e9gu\u00e9s ont particip\u00e9 au travail en petits groupes, \u00e0 des discussions en petits et grands groupes, au partage d\u2019id\u00e9es et de connaissances pour apporter des am\u00e9liorations dans leurs communaut\u00e9s et organismes, que ce soit dans le Nord de l&rsquo;Ontario ou ailleurs.<\/p>\n<ul>\n<li><a href=\"https:\/\/www.nosm.ca\/wp-content\/uploads\/2018\/06\/Programme-du-Symposium-francophone-Francophone-Symposium-Program-2.pdf\" target=\"_blank\" rel=\"noopener noreferrer\">Programme du Symposium francophone<\/a><\/li>\n<\/ul>\n<\/div>\n<\/div>\n<div class='accordion-item closed'>\n<h3 class='accordion-title'>2010<\/h3>\n<div class='accordion-content'>\n<h2>Symposium francophone : Sant\u00e9 \u2013 un enjeu communautaire<\/h2>\n<p>L\u2019Universit\u00e9 de l&rsquo;EMNO (U EMNO) a pr\u00e9sent\u00e9 son symposium francophone 2010 \u00e0 Sudbury du 28 au 30 avril 2010.<\/p>\n<p>Le symposium avait comme th\u00e8me g\u00e9n\u00e9ral la <strong>Sant\u00e9, un enjeu communautaire<\/strong>.<\/p>\n<p>Cet \u00e9v\u00e9nement avait pour but de promouvoir les initiatives d&rsquo;engagement communautaire de l&rsquo;Universit\u00e9 pour r\u00e9pondre aux besoins des communaut\u00e9s francophones dans le Nord de l&rsquo;Ontario, d\u2019examiner les meilleures pratiques et services en sant\u00e9 actuelles et de discuter des approches collaboratives d\u00e9sign\u00e9es pour am\u00e9liorer les services de sant\u00e9 en fran\u00e7ais dans le Nord de l&rsquo;Ontario.<\/p>\n<ul>\n<li><a href=\"https:\/\/www.nosm.ca\/wp-content\/uploads\/2018\/06\/Programme-du-symposium-francophone.pdf\" target=\"_blank\" rel=\"noopener noreferrer\">Programme du Symposium francophone<\/a><\/li>\n<li><a href=\"https:\/\/www.nosm.ca\/wp-content\/uploads\/2018\/06\/Francophone-Symposium-Report.pdf\" target=\"_blank\" rel=\"noopener noreferrer\">Rapport du Symposium francophone<\/a><\/li>\n<\/ul>\n<\/div>\n<\/div>\n<div class='accordion-item closed'>\n<h3 class='accordion-title'>2007<\/h3>\n<div class='accordion-content'>\n<h2>Symposium francophone : La grande s\u00e9duction\u2026des m\u00e9decins du Nord de\u00a0l\u2019Ontario<\/h2>\n<p>L\u2019Universit\u00e9 de l&rsquo;EMNO (U EMNO) a pr\u00e9sent\u00e9 son Symposium francophone 2007, le 2e dans la s\u00e9rie, les 21 et 22 septembre 2007, sous le th\u00e8me \u00ab La grande s\u00e9duction\u2026 des m\u00e9decins du Nord de l\u2019Ontario \u00bb, au Cedar Meadows Resort \u00e0 Timmins.<\/p>\n<p>Au programme figuraient des conf\u00e9renciers de grand calibre, comme le premier commissaire aux services en fran\u00e7ais de l\u2019Ontario nomm\u00e9 r\u00e9cemment, Fran\u00e7ois Boileau, et Hubert Gauthier, pr\u00e9sident-directeur g\u00e9n\u00e9ral de la Soci\u00e9t\u00e9 Sant\u00e9 en fran\u00e7ais.<\/p>\n<p>Les conf\u00e9renciers ont abord\u00e9 un vaste \u00e9ventail de sujets li\u00e9s au th\u00e8me du recrutement, y compris les plans d\u2019avenir des dipl\u00f4m\u00e9s et des r\u00e9sidents en m\u00e9decine; les strat\u00e9gies actuelles et futures ainsi que les meilleures pratiques pour retenir les m\u00e9decins dans le Nord; l\u2019engagement et la participation pour aider les \u00e9tudiants et les r\u00e9sidents \u00e0 s\u2019int\u00e9grer dans les communaut\u00e9s et un aper\u00e7u de mod\u00e8les de soins primaires pour faciliter le recrutement des m\u00e9decins.<\/p>\n<p>Veuillez consulter\u00a0 le rapport pour conna\u00eetre tous les d\u00e9tails.<\/p>\n<ul>\n<li><a href=\"https:\/\/www.nosm.ca\/wp-content\/uploads\/2018\/06\/Francophone-Symposium-Program-1.pdf\" target=\"_blank\" rel=\"noopener noreferrer\">Programme du Symposium francophone<\/a><\/li>\n<li><a href=\"https:\/\/www.nosm.ca\/wp-content\/uploads\/2018\/06\/Rapport-du-symposium-francophone-2.pdf\" target=\"_blank\" rel=\"noopener noreferrer\">Rapport du Symposium francophone<\/a><\/li>\n<\/ul>\n<\/div>\n<\/div>\n<div class='accordion-item closed'>\n<h3 class='accordion-title'>2005<\/h3>\n<div class='accordion-content'>\n<h2>Symposium francophone : Ancrage dans la r\u00e9alit\u00e9 des communaut\u00e9s francophones du Nord de l\u2019Ontario<\/h2>\n<p>L\u2019Universit\u00e9 de l&rsquo;EMNO (U EMNO) a tenu son tout premier Symposium francophone en mai 2005. Cet \u00e9v\u00e9nement a \u00e9t\u00e9 d\u2019une importance primordiale dans la r\u00e9ponse aux besoins du peuple et des communaut\u00e9s francophones du Nord de l\u2019Ontario.<\/p>\n<p>Le symposium avait pour but d\u2019\u00e9tablir un dialogue avec les francophones du Nord de l\u2019Ontario, et de cr\u00e9er une plate-forme de discussion pour recueillir leurs id\u00e9es et suggestions qui orienteraient les travaux ult\u00e9rieurs au sein de l\u2019U EMNO, qui a re\u00e7u ses premiers \u00e9tudiants en septembre 2005.<\/p>\n<p>Le symposium n\u2019\u00e9tait que l\u2019une des expressions du dynamisme des francophones et le Groupe consultatif francophone de l\u2019Universit\u00e9 de l&rsquo;EMNO a voulu que l\u2019U EMNO reconnaisse la volont\u00e9 politique du gouvernement provincial de rendre aux francophones et \u00e0 la langue fran\u00e7aise la place qui leur est due, en multipliant les actions concr\u00e8tes qui visent \u00e0 la reconnaissance et l\u2019\u00e9panouissement des communaut\u00e9s francophones, notamment en leur donnant un meilleur acc\u00e8s \u00e0 des services de sant\u00e9 de qualit\u00e9 dans leur langue, y compris dans les r\u00e9gions \u00e9loign\u00e9es de la province.<\/p>\n<p>Veuillez consulter le rapport pour conna\u00eetre tous les d\u00e9tails des d\u00e9lib\u00e9rations.<\/p>\n<h3><a href=\"https:\/\/www.nosm.ca\/wp-content\/uploads\/2018\/06\/Rapport-du-symposium-francophone-3.pdf\" target=\"_blank\" rel=\"noopener noreferrer\">Rapport du Symposium \u00ab Les Francophones et l&rsquo;\u00c9cole de m\u00e9decine du Nord de l&rsquo;Ontario \u00bb<\/a><\/h3>\n<p><span style=\"color: #6997cd\">\u00a0<\/span><\/div>\n<\/div>\n<\/div>\n<p>&nbsp;<\/p>","protected":false},"excerpt":{"rendered":"<p>Lanc\u00e9s officiellement en mai 2005, les Symposiums francophones de l\u2019Universit\u00e9 de l&rsquo;EMNO (U EMNO) r\u00e9unissent les communaut\u00e9s francophones qui souhaitent \u00e9changer et partager leurs expertises en mati\u00e8re de sant\u00e9 et de services communautaires. Les Symposiums francophones rassemblent les intervenants, les organismes, les institutions d\u2019enseignement postsecondaire, les conseils scolaires, les r\u00e9seaux de sant\u00e9 et les partenaires &hellip; <a href=\"https:\/\/www.nosm.ca\/fr\/our-community\/francophone-engagement\/francophone-symposia\/\" class=\"more-link\">Continue reading <span class=\"screen-reader-text\">Symposium francophone<\/span> <span class=\"meta-nav\">&rarr;<\/span><\/a><\/p>\n","protected":false},"author":16,"featured_media":0,"parent":7810,"menu_order":3,"comment_status":"closed","ping_status":"closed","template":"page-templates\/landing.php","meta":{"_acf_changed":false,"footnotes":""},"class_list":["post-8676","page","type-page","status-publish","hentry"],"acf":[],"_links":{"self":[{"href":"https:\/\/www.nosm.ca\/fr\/wp-json\/wp\/v2\/pages\/8676","targetHints":{"allow":["GET"]}}],"collection":[{"href":"https:\/\/www.nosm.ca\/fr\/wp-json\/wp\/v2\/pages"}],"about":[{"href":"https:\/\/www.nosm.ca\/fr\/wp-json\/wp\/v2\/types\/page"}],"author":[{"embeddable":true,"href":"https:\/\/www.nosm.ca\/fr\/wp-json\/wp\/v2\/users\/16"}],"replies":[{"embeddable":true,"href":"https:\/\/www.nosm.ca\/fr\/wp-json\/wp\/v2\/comments?post=8676"}],"version-history":[{"count":45,"href":"https:\/\/www.nosm.ca\/fr\/wp-json\/wp\/v2\/pages\/8676\/revisions"}],"predecessor-version":[{"id":54357,"href":"https:\/\/www.nosm.ca\/fr\/wp-json\/wp\/v2\/pages\/8676\/revisions\/54357"}],"up":[{"embeddable":true,"href":"https:\/\/www.nosm.ca\/fr\/wp-json\/wp\/v2\/pages\/7810"}],"wp:attachment":[{"href":"https:\/\/www.nosm.ca\/fr\/wp-json\/wp\/v2\/media?parent=8676"}],"curies":[{"name":"wp","href":"https:\/\/api.w.org\/{rel}","templated":true}]}}