{"id":853,"date":"2016-02-06T15:38:46","date_gmt":"2016-02-06T20:38:46","guid":{"rendered":"http:\/\/10.1.1.93\/wordpress\/?page_id=853"},"modified":"2026-02-05T15:00:07","modified_gmt":"2026-02-05T20:00:07","slug":"campuses","status":"publish","type":"page","link":"https:\/\/www.nosm.ca\/fr\/our-community\/campuses\/","title":{"rendered":"Campus Information"},"content":{"rendered":"<p class=\"qtranxs-available-languages-message qtranxs-available-languages-message-fr\">D\u00e9sol\u00e9,  cette entr\u00e9e de donn\u00e9es est seulement disponible en <a href=\"https:\/\/www.nosm.ca\/en\/wp-json\/wp\/v2\/pages\/853\" class=\"qtranxs-available-language-link qtranxs-available-language-link-en\" title=\"English\">English<\/a>.<\/p>","protected":false},"excerpt":{"rendered":"<p>D\u00e9sol\u00e9, cette entr\u00e9e de donn\u00e9es est seulement disponible en English.<\/p>\n","protected":false},"author":16,"featured_media":0,"parent":865,"menu_order":2,"comment_status":"closed","ping_status":"closed","template":"page-templates\/landing.php","meta":{"_acf_changed":false,"footnotes":""},"class_list":["post-853","page","type-page","status-publish","hentry"],"acf":[],"_links":{"self":[{"href":"https:\/\/www.nosm.ca\/fr\/wp-json\/wp\/v2\/pages\/853","targetHints":{"allow":["GET"]}}],"collection":[{"href":"https:\/\/www.nosm.ca\/fr\/wp-json\/wp\/v2\/pages"}],"about":[{"href":"https:\/\/www.nosm.ca\/fr\/wp-json\/wp\/v2\/types\/page"}],"author":[{"embeddable":true,"href":"https:\/\/www.nosm.ca\/fr\/wp-json\/wp\/v2\/users\/16"}],"replies":[{"embeddable":true,"href":"https:\/\/www.nosm.ca\/fr\/wp-json\/wp\/v2\/comments?post=853"}],"version-history":[{"count":37,"href":"https:\/\/www.nosm.ca\/fr\/wp-json\/wp\/v2\/pages\/853\/revisions"}],"predecessor-version":[{"id":82733,"href":"https:\/\/www.nosm.ca\/fr\/wp-json\/wp\/v2\/pages\/853\/revisions\/82733"}],"up":[{"embeddable":true,"href":"https:\/\/www.nosm.ca\/fr\/wp-json\/wp\/v2\/pages\/865"}],"wp:attachment":[{"href":"https:\/\/www.nosm.ca\/fr\/wp-json\/wp\/v2\/media?parent=853"}],"curies":[{"name":"wp","href":"https:\/\/api.w.org\/{rel}","templated":true}]}}