{"id":8448,"date":"2018-03-29T16:07:21","date_gmt":"2018-03-29T20:07:21","guid":{"rendered":"https:\/\/wp.nosm.ca\/?page_id=8448"},"modified":"2025-07-08T10:55:35","modified_gmt":"2025-07-08T14:55:35","slug":"alumni","status":"publish","type":"page","link":"https:\/\/www.nosm.ca\/fr\/alumni\/","title":{"rendered":"NOSM University Alumni"},"content":{"rendered":"<p><\/p>\n<h2><strong>Bienvenue dans la famille des dipl\u00f4m\u00e9es et dipl\u00f4m\u00e9s de l&rsquo;EMNO!<\/strong><\/h2>\n<p>Que vous soyez dipl\u00f4m\u00e9e ou dipl\u00f4m\u00e9 de notre programme de m\u00e9decine de premier cycle, de nos programmes postdoctoraux, du Programme de stages en di\u00e9t\u00e9tique dans le Nord de l&rsquo;Ontario ou du Programme de formation des adjointes et adjoints aux m\u00e9decins, votre relation avec nous continuera bien apr\u00e8s l\u2019obtention de votre grade.<\/p>\n<h2><strong>Restez en contact<\/strong><\/h2>\n<ul>\n<li>Vous avez une histoire en t\u00eate? Nous aimerions la conna\u00eetre. <a href=\"https:\/\/goo.gl\/forms\/RI5RCkjj5YgJuB4w1\" target=\"_blank\" rel=\"noopener\"><strong>Racontez-nous votre histoire<\/strong><\/a>!<\/li>\n<li>Renseignez-vous sur les \u00e9v\u00e9nements \u00e0 venir, partagez vos souvenirs de l&rsquo;EMNO et voyez o\u00f9 vos camarades de classe se trouvent maintenant. <a href=\"https:\/\/www.nosm.ca\/advancement\/alumni\/stay-connected\/\" target=\"_blank\" rel=\"noopener\"><strong>Mettez vos coordonn\u00e9es \u00e0 jour ici<\/strong><\/a>.<\/li>\n<li><a href=\"https:\/\/www.nosm.ca\/advancement\/alumni\/stay-connected\/\" target=\"_blank\" rel=\"noopener\"><strong>Abonnez-vous<\/strong><\/a>\u00a0\u00e0 notre nouveau Bulletin des dipl\u00f4m\u00e9es et dipl\u00f4m\u00e9s de l&rsquo;EMNO.<\/li>\n<li>Restez en contact avec vos camarades de classe sur Twitter en utilisant\u00a0<a href=\"https:\/\/twitter.com\/hashtag\/NOSMAlumni\" target=\"_blank\" rel=\"noopener\"><strong>#Dipl\u00f4m\u00e9sEMNO<\/strong><\/a><a class=\"twitter-timeline\" href=\"https:\/\/twitter.com\/hashtag\/NOSMAlumni\"> <img loading=\"lazy\" decoding=\"async\" class=\"wp-image-30240 alignnone\" src=\"https:\/\/www.nosm.ca\/wp-content\/uploads\/2020\/04\/twitter-150x150.png\" alt=\"\" width=\"26\" height=\"26\" \/><\/a><\/li>\n<\/ul>\n<h2>Questions?<\/h2>\n<p>Transmettez vos questions au bureau des dipl\u00f4m\u00e9es et dipl\u00f4m\u00e9s \u00e0\u00a0<a href=\"mailto:alumni@nosm.ca.\" target=\"_blank\" rel=\"noopener\"><strong>alumni@nosm.ca.<\/strong><\/a><\/p>\n<p>Voulez-vous faire \u00e0 votre tour un geste pour l&rsquo;EMNO?\u00a0<strong>Faites un don ici.<\/strong><\/p>","protected":false},"excerpt":{"rendered":"<p>Bienvenue dans la famille des dipl\u00f4m\u00e9es et dipl\u00f4m\u00e9s de l&rsquo;EMNO! Que vous soyez dipl\u00f4m\u00e9e ou dipl\u00f4m\u00e9 de notre programme de m\u00e9decine de premier cycle, de nos programmes postdoctoraux, du Programme de stages en di\u00e9t\u00e9tique dans le Nord de l&rsquo;Ontario ou du Programme de formation des adjointes et adjoints aux m\u00e9decins, votre relation avec nous continuera &hellip; <a href=\"https:\/\/www.nosm.ca\/fr\/alumni\/\" class=\"more-link\">Continue reading <span class=\"screen-reader-text\">NOSM University Alumni<\/span> <span class=\"meta-nav\">&rarr;<\/span><\/a><\/p>\n","protected":false},"author":16,"featured_media":0,"parent":0,"menu_order":16,"comment_status":"closed","ping_status":"closed","template":"page-templates\/quick-links-2.php","meta":{"_acf_changed":false,"footnotes":""},"class_list":["post-8448","page","type-page","status-publish","hentry"],"acf":[],"_links":{"self":[{"href":"https:\/\/www.nosm.ca\/fr\/wp-json\/wp\/v2\/pages\/8448","targetHints":{"allow":["GET"]}}],"collection":[{"href":"https:\/\/www.nosm.ca\/fr\/wp-json\/wp\/v2\/pages"}],"about":[{"href":"https:\/\/www.nosm.ca\/fr\/wp-json\/wp\/v2\/types\/page"}],"author":[{"embeddable":true,"href":"https:\/\/www.nosm.ca\/fr\/wp-json\/wp\/v2\/users\/16"}],"replies":[{"embeddable":true,"href":"https:\/\/www.nosm.ca\/fr\/wp-json\/wp\/v2\/comments?post=8448"}],"version-history":[{"count":68,"href":"https:\/\/www.nosm.ca\/fr\/wp-json\/wp\/v2\/pages\/8448\/revisions"}],"predecessor-version":[{"id":79142,"href":"https:\/\/www.nosm.ca\/fr\/wp-json\/wp\/v2\/pages\/8448\/revisions\/79142"}],"wp:attachment":[{"href":"https:\/\/www.nosm.ca\/fr\/wp-json\/wp\/v2\/media?parent=8448"}],"curies":[{"name":"wp","href":"https:\/\/api.w.org\/{rel}","templated":true}]}}