{"id":83861,"date":"2026-04-02T09:36:29","date_gmt":"2026-04-02T13:36:29","guid":{"rendered":"https:\/\/www.nosm.ca\/?page_id=83861"},"modified":"2026-04-02T09:36:29","modified_gmt":"2026-04-02T13:36:29","slug":"associate-dean-faculty-affairs-clinical-sciences","status":"publish","type":"page","link":"https:\/\/www.nosm.ca\/fr\/about\/administrative-offices\/human-resources\/work-at-nosm\/senior-leadership-opportunities\/associate-dean-faculty-affairs-clinical-sciences\/","title":{"rendered":"Associate Dean, Faculty Affairs &#8211; Clinical Sciences"},"content":{"rendered":"<p class=\"qtranxs-available-languages-message qtranxs-available-languages-message-fr\">D\u00e9sol\u00e9,  cette entr\u00e9e de donn\u00e9es est seulement disponible en <a href=\"https:\/\/www.nosm.ca\/en\/wp-json\/wp\/v2\/pages\/83861\" class=\"qtranxs-available-language-link qtranxs-available-language-link-en\" title=\"English\">English<\/a>.<\/p>","protected":false},"excerpt":{"rendered":"<p>D\u00e9sol\u00e9, cette entr\u00e9e de donn\u00e9es est seulement disponible en English.<\/p>\n","protected":false},"author":88,"featured_media":0,"parent":24148,"menu_order":1,"comment_status":"closed","ping_status":"closed","template":"","meta":{"_acf_changed":false,"footnotes":""},"class_list":["post-83861","page","type-page","status-publish","hentry"],"acf":[],"_links":{"self":[{"href":"https:\/\/www.nosm.ca\/fr\/wp-json\/wp\/v2\/pages\/83861","targetHints":{"allow":["GET"]}}],"collection":[{"href":"https:\/\/www.nosm.ca\/fr\/wp-json\/wp\/v2\/pages"}],"about":[{"href":"https:\/\/www.nosm.ca\/fr\/wp-json\/wp\/v2\/types\/page"}],"author":[{"embeddable":true,"href":"https:\/\/www.nosm.ca\/fr\/wp-json\/wp\/v2\/users\/88"}],"replies":[{"embeddable":true,"href":"https:\/\/www.nosm.ca\/fr\/wp-json\/wp\/v2\/comments?post=83861"}],"version-history":[{"count":1,"href":"https:\/\/www.nosm.ca\/fr\/wp-json\/wp\/v2\/pages\/83861\/revisions"}],"predecessor-version":[{"id":83862,"href":"https:\/\/www.nosm.ca\/fr\/wp-json\/wp\/v2\/pages\/83861\/revisions\/83862"}],"up":[{"embeddable":true,"href":"https:\/\/www.nosm.ca\/fr\/wp-json\/wp\/v2\/pages\/24148"}],"wp:attachment":[{"href":"https:\/\/www.nosm.ca\/fr\/wp-json\/wp\/v2\/media?parent=83861"}],"curies":[{"name":"wp","href":"https:\/\/api.w.org\/{rel}","templated":true}]}}