{"id":83388,"date":"2026-03-16T11:19:08","date_gmt":"2026-03-16T15:19:08","guid":{"rendered":"https:\/\/www.nosm.ca\/?page_id=83388"},"modified":"2026-03-24T11:01:15","modified_gmt":"2026-03-24T15:01:15","slug":"national-physicians-day","status":"publish","type":"page","link":"https:\/\/www.nosm.ca\/fr\/how-to-donate\/make-a-donation\/national-physicians-day\/","title":{"rendered":"National Physicians&rsquo; Day"},"content":{"rendered":"<p class=\"qtranxs-available-languages-message qtranxs-available-languages-message-fr\">D\u00e9sol\u00e9,  cette entr\u00e9e de donn\u00e9es est seulement disponible en <a href=\"https:\/\/www.nosm.ca\/en\/wp-json\/wp\/v2\/pages\/83388\" class=\"qtranxs-available-language-link qtranxs-available-language-link-en\" title=\"English\">English<\/a>.<\/p>","protected":false},"excerpt":{"rendered":"<p>D\u00e9sol\u00e9, cette entr\u00e9e de donn\u00e9es est seulement disponible en English.<\/p>\n","protected":false},"author":320,"featured_media":0,"parent":70523,"menu_order":2,"comment_status":"closed","ping_status":"closed","template":"","meta":{"_acf_changed":false,"footnotes":""},"class_list":["post-83388","page","type-page","status-publish","hentry"],"acf":[],"_links":{"self":[{"href":"https:\/\/www.nosm.ca\/fr\/wp-json\/wp\/v2\/pages\/83388","targetHints":{"allow":["GET"]}}],"collection":[{"href":"https:\/\/www.nosm.ca\/fr\/wp-json\/wp\/v2\/pages"}],"about":[{"href":"https:\/\/www.nosm.ca\/fr\/wp-json\/wp\/v2\/types\/page"}],"author":[{"embeddable":true,"href":"https:\/\/www.nosm.ca\/fr\/wp-json\/wp\/v2\/users\/320"}],"replies":[{"embeddable":true,"href":"https:\/\/www.nosm.ca\/fr\/wp-json\/wp\/v2\/comments?post=83388"}],"version-history":[{"count":14,"href":"https:\/\/www.nosm.ca\/fr\/wp-json\/wp\/v2\/pages\/83388\/revisions"}],"predecessor-version":[{"id":83407,"href":"https:\/\/www.nosm.ca\/fr\/wp-json\/wp\/v2\/pages\/83388\/revisions\/83407"}],"up":[{"embeddable":true,"href":"https:\/\/www.nosm.ca\/fr\/wp-json\/wp\/v2\/pages\/70523"}],"wp:attachment":[{"href":"https:\/\/www.nosm.ca\/fr\/wp-json\/wp\/v2\/media?parent=83388"}],"curies":[{"name":"wp","href":"https:\/\/api.w.org\/{rel}","templated":true}]}}