{"id":83008,"date":"2026-03-16T12:11:52","date_gmt":"2026-03-16T16:11:52","guid":{"rendered":"https:\/\/www.nosm.ca\/?page_id=83008"},"modified":"2026-03-23T12:38:01","modified_gmt":"2026-03-23T16:38:01","slug":"summer-student-research-endowment-fund","status":"publish","type":"page","link":"https:\/\/www.nosm.ca\/fr\/how-to-donate\/make-a-donation\/summer-student-research-endowment-fund\/","title":{"rendered":"Summer Student Research Endowment Fund"},"content":{"rendered":"<p class=\"qtranxs-available-languages-message qtranxs-available-languages-message-fr\">D\u00e9sol\u00e9,  cette entr\u00e9e de donn\u00e9es est seulement disponible en <a href=\"https:\/\/www.nosm.ca\/en\/wp-json\/wp\/v2\/pages\/83008\" class=\"qtranxs-available-language-link qtranxs-available-language-link-en\" title=\"English\">English<\/a>.<\/p>","protected":false},"excerpt":{"rendered":"<p>D\u00e9sol\u00e9, cette entr\u00e9e de donn\u00e9es est seulement disponible en English.<\/p>\n","protected":false},"author":320,"featured_media":0,"parent":70523,"menu_order":3,"comment_status":"closed","ping_status":"closed","template":"","meta":{"_acf_changed":false,"footnotes":""},"class_list":["post-83008","page","type-page","status-publish","hentry"],"acf":[],"_links":{"self":[{"href":"https:\/\/www.nosm.ca\/fr\/wp-json\/wp\/v2\/pages\/83008","targetHints":{"allow":["GET"]}}],"collection":[{"href":"https:\/\/www.nosm.ca\/fr\/wp-json\/wp\/v2\/pages"}],"about":[{"href":"https:\/\/www.nosm.ca\/fr\/wp-json\/wp\/v2\/types\/page"}],"author":[{"embeddable":true,"href":"https:\/\/www.nosm.ca\/fr\/wp-json\/wp\/v2\/users\/320"}],"replies":[{"embeddable":true,"href":"https:\/\/www.nosm.ca\/fr\/wp-json\/wp\/v2\/comments?post=83008"}],"version-history":[{"count":15,"href":"https:\/\/www.nosm.ca\/fr\/wp-json\/wp\/v2\/pages\/83008\/revisions"}],"predecessor-version":[{"id":83600,"href":"https:\/\/www.nosm.ca\/fr\/wp-json\/wp\/v2\/pages\/83008\/revisions\/83600"}],"up":[{"embeddable":true,"href":"https:\/\/www.nosm.ca\/fr\/wp-json\/wp\/v2\/pages\/70523"}],"wp:attachment":[{"href":"https:\/\/www.nosm.ca\/fr\/wp-json\/wp\/v2\/media?parent=83008"}],"curies":[{"name":"wp","href":"https:\/\/api.w.org\/{rel}","templated":true}]}}