{"id":8293,"date":"2018-03-29T09:29:06","date_gmt":"2018-03-29T13:29:06","guid":{"rendered":"https:\/\/wp.nosm.ca\/?page_id=8293"},"modified":"2025-07-30T16:40:44","modified_gmt":"2025-07-30T20:40:44","slug":"group-1-medical-students-and-residents-enrolled-at-nosm","status":"publish","type":"page","link":"https:\/\/www.nosm.ca\/fr\/education\/medical-electives\/for-applicants\/group-1-medical-students-and-residents-enrolled-at-nosm\/","title":{"rendered":"GROUP 1: Medical Students and Residents Enrolled at NOSM"},"content":{"rendered":"<p class=\"qtranxs-available-languages-message qtranxs-available-languages-message-fr\">D\u00e9sol\u00e9,  cette entr\u00e9e de donn\u00e9es est seulement disponible en <a href=\"https:\/\/www.nosm.ca\/en\/wp-json\/wp\/v2\/pages\/8293\" class=\"qtranxs-available-language-link qtranxs-available-language-link-en\" title=\"English\">English<\/a>.<\/p>","protected":false},"excerpt":{"rendered":"<p>D\u00e9sol\u00e9, cette entr\u00e9e de donn\u00e9es est seulement disponible en English.<\/p>\n","protected":false},"author":16,"featured_media":0,"parent":8254,"menu_order":2,"comment_status":"closed","ping_status":"closed","template":"","meta":{"_acf_changed":false,"footnotes":""},"class_list":["post-8293","page","type-page","status-publish","hentry"],"acf":[],"_links":{"self":[{"href":"https:\/\/www.nosm.ca\/fr\/wp-json\/wp\/v2\/pages\/8293","targetHints":{"allow":["GET"]}}],"collection":[{"href":"https:\/\/www.nosm.ca\/fr\/wp-json\/wp\/v2\/pages"}],"about":[{"href":"https:\/\/www.nosm.ca\/fr\/wp-json\/wp\/v2\/types\/page"}],"author":[{"embeddable":true,"href":"https:\/\/www.nosm.ca\/fr\/wp-json\/wp\/v2\/users\/16"}],"replies":[{"embeddable":true,"href":"https:\/\/www.nosm.ca\/fr\/wp-json\/wp\/v2\/comments?post=8293"}],"version-history":[{"count":37,"href":"https:\/\/www.nosm.ca\/fr\/wp-json\/wp\/v2\/pages\/8293\/revisions"}],"predecessor-version":[{"id":79718,"href":"https:\/\/www.nosm.ca\/fr\/wp-json\/wp\/v2\/pages\/8293\/revisions\/79718"}],"up":[{"embeddable":true,"href":"https:\/\/www.nosm.ca\/fr\/wp-json\/wp\/v2\/pages\/8254"}],"wp:attachment":[{"href":"https:\/\/www.nosm.ca\/fr\/wp-json\/wp\/v2\/media?parent=8293"}],"curies":[{"name":"wp","href":"https:\/\/api.w.org\/{rel}","templated":true}]}}