{"id":8268,"date":"2018-03-28T12:40:39","date_gmt":"2018-03-28T16:40:39","guid":{"rendered":"https:\/\/wp.nosm.ca\/?page_id=8268"},"modified":"2025-03-24T09:40:11","modified_gmt":"2025-03-24T13:40:11","slug":"ask-us","status":"publish","type":"page","link":"https:\/\/www.nosm.ca\/fr\/library\/ask-us\/","title":{"rendered":"Have a Question? Ask Us!"},"content":{"rendered":"<p class=\"qtranxs-available-languages-message qtranxs-available-languages-message-fr\">D\u00e9sol\u00e9,  cette entr\u00e9e de donn\u00e9es est seulement disponible en <a href=\"https:\/\/www.nosm.ca\/en\/wp-json\/wp\/v2\/pages\/8268\" class=\"qtranxs-available-language-link qtranxs-available-language-link-en\" title=\"English\">English<\/a>.<\/p>","protected":false},"excerpt":{"rendered":"<p>D\u00e9sol\u00e9, cette entr\u00e9e de donn\u00e9es est seulement disponible en English.<\/p>\n","protected":false},"author":75,"featured_media":0,"parent":1448,"menu_order":21,"comment_status":"closed","ping_status":"closed","template":"","meta":{"_acf_changed":false,"footnotes":""},"class_list":["post-8268","page","type-page","status-publish","hentry"],"acf":[],"_links":{"self":[{"href":"https:\/\/www.nosm.ca\/fr\/wp-json\/wp\/v2\/pages\/8268","targetHints":{"allow":["GET"]}}],"collection":[{"href":"https:\/\/www.nosm.ca\/fr\/wp-json\/wp\/v2\/pages"}],"about":[{"href":"https:\/\/www.nosm.ca\/fr\/wp-json\/wp\/v2\/types\/page"}],"author":[{"embeddable":true,"href":"https:\/\/www.nosm.ca\/fr\/wp-json\/wp\/v2\/users\/75"}],"replies":[{"embeddable":true,"href":"https:\/\/www.nosm.ca\/fr\/wp-json\/wp\/v2\/comments?post=8268"}],"version-history":[{"count":35,"href":"https:\/\/www.nosm.ca\/fr\/wp-json\/wp\/v2\/pages\/8268\/revisions"}],"predecessor-version":[{"id":61720,"href":"https:\/\/www.nosm.ca\/fr\/wp-json\/wp\/v2\/pages\/8268\/revisions\/61720"}],"up":[{"embeddable":true,"href":"https:\/\/www.nosm.ca\/fr\/wp-json\/wp\/v2\/pages\/1448"}],"wp:attachment":[{"href":"https:\/\/www.nosm.ca\/fr\/wp-json\/wp\/v2\/media?parent=8268"}],"curies":[{"name":"wp","href":"https:\/\/api.w.org\/{rel}","templated":true}]}}