{"id":82299,"date":"2026-01-19T10:29:44","date_gmt":"2026-01-19T15:29:44","guid":{"rendered":"https:\/\/www.nosm.ca\/?page_id=82299"},"modified":"2026-03-31T09:34:54","modified_gmt":"2026-03-31T13:34:54","slug":"registered-dietitian-job-postings-in-northern-ontario","status":"publish","type":"page","link":"https:\/\/www.nosm.ca\/fr\/education\/dpp\/registered-dietitian-job-postings-in-northern-ontario\/","title":{"rendered":"Registered Dietitian Job Postings in Northern Ontario"},"content":{"rendered":"<p class=\"qtranxs-available-languages-message qtranxs-available-languages-message-fr\">D\u00e9sol\u00e9,  cette entr\u00e9e de donn\u00e9es est seulement disponible en <a href=\"https:\/\/www.nosm.ca\/en\/wp-json\/wp\/v2\/pages\/82299\" class=\"qtranxs-available-language-link qtranxs-available-language-link-en\" title=\"English\">English<\/a>.<\/p>","protected":false},"excerpt":{"rendered":"<p>D\u00e9sol\u00e9, cette entr\u00e9e de donn\u00e9es est seulement disponible en English.<\/p>\n","protected":false},"author":233,"featured_media":0,"parent":5610,"menu_order":9,"comment_status":"closed","ping_status":"closed","template":"","meta":{"_acf_changed":false,"footnotes":""},"class_list":["post-82299","page","type-page","status-publish","hentry"],"acf":[],"_links":{"self":[{"href":"https:\/\/www.nosm.ca\/fr\/wp-json\/wp\/v2\/pages\/82299","targetHints":{"allow":["GET"]}}],"collection":[{"href":"https:\/\/www.nosm.ca\/fr\/wp-json\/wp\/v2\/pages"}],"about":[{"href":"https:\/\/www.nosm.ca\/fr\/wp-json\/wp\/v2\/types\/page"}],"author":[{"embeddable":true,"href":"https:\/\/www.nosm.ca\/fr\/wp-json\/wp\/v2\/users\/233"}],"replies":[{"embeddable":true,"href":"https:\/\/www.nosm.ca\/fr\/wp-json\/wp\/v2\/comments?post=82299"}],"version-history":[{"count":51,"href":"https:\/\/www.nosm.ca\/fr\/wp-json\/wp\/v2\/pages\/82299\/revisions"}],"predecessor-version":[{"id":83804,"href":"https:\/\/www.nosm.ca\/fr\/wp-json\/wp\/v2\/pages\/82299\/revisions\/83804"}],"up":[{"embeddable":true,"href":"https:\/\/www.nosm.ca\/fr\/wp-json\/wp\/v2\/pages\/5610"}],"wp:attachment":[{"href":"https:\/\/www.nosm.ca\/fr\/wp-json\/wp\/v2\/media?parent=82299"}],"curies":[{"name":"wp","href":"https:\/\/api.w.org\/{rel}","templated":true}]}}