{"id":8206,"date":"2018-03-27T14:24:36","date_gmt":"2018-03-27T18:24:36","guid":{"rendered":"https:\/\/wp.nosm.ca\/?page_id=8206"},"modified":"2023-09-13T18:02:49","modified_gmt":"2023-09-13T22:02:49","slug":"audiology","status":"publish","type":"page","link":"https:\/\/www.nosm.ca\/fr\/education\/rehabilitation-studies\/audiology\/","title":{"rendered":"Audiology"},"content":{"rendered":"<p class=\"qtranxs-available-languages-message qtranxs-available-languages-message-fr\">D\u00e9sol\u00e9,  cette entr\u00e9e de donn\u00e9es est seulement disponible en <a href=\"https:\/\/www.nosm.ca\/en\/wp-json\/wp\/v2\/pages\/8206\" class=\"qtranxs-available-language-link qtranxs-available-language-link-en\" title=\"English\">English<\/a>.<\/p>","protected":false},"excerpt":{"rendered":"<p>D\u00e9sol\u00e9, cette entr\u00e9e de donn\u00e9es est seulement disponible en English.<\/p>\n","protected":false},"author":16,"featured_media":0,"parent":6330,"menu_order":10,"comment_status":"closed","ping_status":"closed","template":"","meta":{"_acf_changed":false,"footnotes":""},"class_list":["post-8206","page","type-page","status-publish","hentry"],"acf":[],"_links":{"self":[{"href":"https:\/\/www.nosm.ca\/fr\/wp-json\/wp\/v2\/pages\/8206","targetHints":{"allow":["GET"]}}],"collection":[{"href":"https:\/\/www.nosm.ca\/fr\/wp-json\/wp\/v2\/pages"}],"about":[{"href":"https:\/\/www.nosm.ca\/fr\/wp-json\/wp\/v2\/types\/page"}],"author":[{"embeddable":true,"href":"https:\/\/www.nosm.ca\/fr\/wp-json\/wp\/v2\/users\/16"}],"replies":[{"embeddable":true,"href":"https:\/\/www.nosm.ca\/fr\/wp-json\/wp\/v2\/comments?post=8206"}],"version-history":[{"count":6,"href":"https:\/\/www.nosm.ca\/fr\/wp-json\/wp\/v2\/pages\/8206\/revisions"}],"predecessor-version":[{"id":63373,"href":"https:\/\/www.nosm.ca\/fr\/wp-json\/wp\/v2\/pages\/8206\/revisions\/63373"}],"up":[{"embeddable":true,"href":"https:\/\/www.nosm.ca\/fr\/wp-json\/wp\/v2\/pages\/6330"}],"wp:attachment":[{"href":"https:\/\/www.nosm.ca\/fr\/wp-json\/wp\/v2\/media?parent=8206"}],"curies":[{"name":"wp","href":"https:\/\/api.w.org\/{rel}","templated":true}]}}