{"id":81735,"date":"2025-11-18T16:17:41","date_gmt":"2025-11-18T16:17:41","guid":{"rendered":"https:\/\/www.nosm.ca\/?page_id=81735"},"modified":"2026-02-18T11:09:42","modified_gmt":"2026-02-18T16:09:42","slug":"2027-nominations-are-open","status":"publish","type":"page","link":"https:\/\/www.nosm.ca\/fr\/education\/rehabilitation-studies\/annual-preceptor-awards\/2027-nominations-are-open\/","title":{"rendered":"2027 Nominations are Open!"},"content":{"rendered":"<p class=\"qtranxs-available-languages-message qtranxs-available-languages-message-fr\">D\u00e9sol\u00e9,  cette entr\u00e9e de donn\u00e9es est seulement disponible en <a href=\"https:\/\/www.nosm.ca\/en\/wp-json\/wp\/v2\/pages\/81735\" class=\"qtranxs-available-language-link qtranxs-available-language-link-en\" title=\"English\">English<\/a>.<\/p>","protected":false},"excerpt":{"rendered":"<p>D\u00e9sol\u00e9, cette entr\u00e9e de donn\u00e9es est seulement disponible en English.<\/p>\n","protected":false},"author":233,"featured_media":0,"parent":33351,"menu_order":3,"comment_status":"closed","ping_status":"closed","template":"","meta":{"_acf_changed":false,"footnotes":""},"class_list":["post-81735","page","type-page","status-publish","hentry"],"acf":[],"_links":{"self":[{"href":"https:\/\/www.nosm.ca\/fr\/wp-json\/wp\/v2\/pages\/81735","targetHints":{"allow":["GET"]}}],"collection":[{"href":"https:\/\/www.nosm.ca\/fr\/wp-json\/wp\/v2\/pages"}],"about":[{"href":"https:\/\/www.nosm.ca\/fr\/wp-json\/wp\/v2\/types\/page"}],"author":[{"embeddable":true,"href":"https:\/\/www.nosm.ca\/fr\/wp-json\/wp\/v2\/users\/233"}],"replies":[{"embeddable":true,"href":"https:\/\/www.nosm.ca\/fr\/wp-json\/wp\/v2\/comments?post=81735"}],"version-history":[{"count":6,"href":"https:\/\/www.nosm.ca\/fr\/wp-json\/wp\/v2\/pages\/81735\/revisions"}],"predecessor-version":[{"id":82918,"href":"https:\/\/www.nosm.ca\/fr\/wp-json\/wp\/v2\/pages\/81735\/revisions\/82918"}],"up":[{"embeddable":true,"href":"https:\/\/www.nosm.ca\/fr\/wp-json\/wp\/v2\/pages\/33351"}],"wp:attachment":[{"href":"https:\/\/www.nosm.ca\/fr\/wp-json\/wp\/v2\/media?parent=81735"}],"curies":[{"name":"wp","href":"https:\/\/api.w.org\/{rel}","templated":true}]}}