{"id":80957,"date":"2025-10-06T10:41:51","date_gmt":"2025-10-06T14:41:51","guid":{"rendered":"https:\/\/www.nosm.ca\/?page_id=80957"},"modified":"2025-10-06T10:47:53","modified_gmt":"2025-10-06T14:47:53","slug":"about-the-collective-program-information","status":"publish","type":"page","link":"https:\/\/www.nosm.ca\/fr\/education\/cepd\/pan-northern-clinical-rounds-collective\/about-the-collective-program-information\/","title":{"rendered":"About the Collective &#8211; Program Information"},"content":{"rendered":"<p class=\"qtranxs-available-languages-message qtranxs-available-languages-message-fr\">D\u00e9sol\u00e9,  cette entr\u00e9e de donn\u00e9es est seulement disponible en <a href=\"https:\/\/www.nosm.ca\/en\/wp-json\/wp\/v2\/pages\/80957\" class=\"qtranxs-available-language-link qtranxs-available-language-link-en\" title=\"English\">English<\/a>.<\/p>","protected":false},"excerpt":{"rendered":"<p>D\u00e9sol\u00e9, cette entr\u00e9e de donn\u00e9es est seulement disponible en English.<\/p>\n","protected":false},"author":171,"featured_media":0,"parent":80937,"menu_order":2,"comment_status":"closed","ping_status":"closed","template":"","meta":{"_acf_changed":false,"footnotes":""},"class_list":["post-80957","page","type-page","status-publish","hentry"],"acf":[],"_links":{"self":[{"href":"https:\/\/www.nosm.ca\/fr\/wp-json\/wp\/v2\/pages\/80957","targetHints":{"allow":["GET"]}}],"collection":[{"href":"https:\/\/www.nosm.ca\/fr\/wp-json\/wp\/v2\/pages"}],"about":[{"href":"https:\/\/www.nosm.ca\/fr\/wp-json\/wp\/v2\/types\/page"}],"author":[{"embeddable":true,"href":"https:\/\/www.nosm.ca\/fr\/wp-json\/wp\/v2\/users\/171"}],"replies":[{"embeddable":true,"href":"https:\/\/www.nosm.ca\/fr\/wp-json\/wp\/v2\/comments?post=80957"}],"version-history":[{"count":2,"href":"https:\/\/www.nosm.ca\/fr\/wp-json\/wp\/v2\/pages\/80957\/revisions"}],"predecessor-version":[{"id":80959,"href":"https:\/\/www.nosm.ca\/fr\/wp-json\/wp\/v2\/pages\/80957\/revisions\/80959"}],"up":[{"embeddable":true,"href":"https:\/\/www.nosm.ca\/fr\/wp-json\/wp\/v2\/pages\/80937"}],"wp:attachment":[{"href":"https:\/\/www.nosm.ca\/fr\/wp-json\/wp\/v2\/media?parent=80957"}],"curies":[{"name":"wp","href":"https:\/\/api.w.org\/{rel}","templated":true}]}}