{"id":80937,"date":"2025-10-06T10:17:59","date_gmt":"2025-10-06T14:17:59","guid":{"rendered":"https:\/\/www.nosm.ca\/?page_id=80937"},"modified":"2025-10-15T10:54:33","modified_gmt":"2025-10-15T14:54:33","slug":"pan-northern-clinical-rounds-collective","status":"publish","type":"page","link":"https:\/\/www.nosm.ca\/fr\/education\/cepd\/pan-northern-clinical-rounds-collective\/","title":{"rendered":"Pan-Northern Clinical Rounds Collective"},"content":{"rendered":"<p class=\"qtranxs-available-languages-message qtranxs-available-languages-message-fr\">D\u00e9sol\u00e9,  cette entr\u00e9e de donn\u00e9es est seulement disponible en <a href=\"https:\/\/www.nosm.ca\/en\/wp-json\/wp\/v2\/pages\/80937\" class=\"qtranxs-available-language-link qtranxs-available-language-link-en\" title=\"English\">English<\/a>.<\/p>","protected":false},"excerpt":{"rendered":"<p>D\u00e9sol\u00e9, cette entr\u00e9e de donn\u00e9es est seulement disponible en English.<\/p>\n","protected":false},"author":171,"featured_media":0,"parent":3413,"menu_order":4,"comment_status":"closed","ping_status":"closed","template":"","meta":{"_acf_changed":false,"footnotes":""},"class_list":["post-80937","page","type-page","status-publish","hentry"],"acf":[],"_links":{"self":[{"href":"https:\/\/www.nosm.ca\/fr\/wp-json\/wp\/v2\/pages\/80937","targetHints":{"allow":["GET"]}}],"collection":[{"href":"https:\/\/www.nosm.ca\/fr\/wp-json\/wp\/v2\/pages"}],"about":[{"href":"https:\/\/www.nosm.ca\/fr\/wp-json\/wp\/v2\/types\/page"}],"author":[{"embeddable":true,"href":"https:\/\/www.nosm.ca\/fr\/wp-json\/wp\/v2\/users\/171"}],"replies":[{"embeddable":true,"href":"https:\/\/www.nosm.ca\/fr\/wp-json\/wp\/v2\/comments?post=80937"}],"version-history":[{"count":12,"href":"https:\/\/www.nosm.ca\/fr\/wp-json\/wp\/v2\/pages\/80937\/revisions"}],"predecessor-version":[{"id":81149,"href":"https:\/\/www.nosm.ca\/fr\/wp-json\/wp\/v2\/pages\/80937\/revisions\/81149"}],"up":[{"embeddable":true,"href":"https:\/\/www.nosm.ca\/fr\/wp-json\/wp\/v2\/pages\/3413"}],"wp:attachment":[{"href":"https:\/\/www.nosm.ca\/fr\/wp-json\/wp\/v2\/media?parent=80937"}],"curies":[{"name":"wp","href":"https:\/\/api.w.org\/{rel}","templated":true}]}}