{"id":80780,"date":"2025-09-23T17:05:55","date_gmt":"2025-09-23T21:05:55","guid":{"rendered":"https:\/\/www.nosm.ca\/?page_id=80780"},"modified":"2025-09-23T17:08:29","modified_gmt":"2025-09-23T21:08:29","slug":"tbaytel-entrance-scholarship","status":"publish","type":"page","link":"https:\/\/www.nosm.ca\/fr\/how-to-donate\/tbaytel-entrance-scholarship\/","title":{"rendered":""},"content":{"rendered":"<p class=\"qtranxs-available-languages-message qtranxs-available-languages-message-fr\">D\u00e9sol\u00e9,  cette entr\u00e9e de donn\u00e9es est seulement disponible en <a href=\"https:\/\/www.nosm.ca\/en\/wp-json\/wp\/v2\/pages\/80780\" class=\"qtranxs-available-language-link qtranxs-available-language-link-en\" title=\"English\">English<\/a>.<\/p>","protected":false},"excerpt":{"rendered":"<p>D\u00e9sol\u00e9, cette entr\u00e9e de donn\u00e9es est seulement disponible en English.<\/p>\n","protected":false},"author":158,"featured_media":0,"parent":71638,"menu_order":3,"comment_status":"closed","ping_status":"closed","template":"","meta":{"_acf_changed":false,"footnotes":""},"class_list":["post-80780","page","type-page","status-publish","hentry"],"acf":[],"_links":{"self":[{"href":"https:\/\/www.nosm.ca\/fr\/wp-json\/wp\/v2\/pages\/80780","targetHints":{"allow":["GET"]}}],"collection":[{"href":"https:\/\/www.nosm.ca\/fr\/wp-json\/wp\/v2\/pages"}],"about":[{"href":"https:\/\/www.nosm.ca\/fr\/wp-json\/wp\/v2\/types\/page"}],"author":[{"embeddable":true,"href":"https:\/\/www.nosm.ca\/fr\/wp-json\/wp\/v2\/users\/158"}],"replies":[{"embeddable":true,"href":"https:\/\/www.nosm.ca\/fr\/wp-json\/wp\/v2\/comments?post=80780"}],"version-history":[{"count":4,"href":"https:\/\/www.nosm.ca\/fr\/wp-json\/wp\/v2\/pages\/80780\/revisions"}],"predecessor-version":[{"id":80785,"href":"https:\/\/www.nosm.ca\/fr\/wp-json\/wp\/v2\/pages\/80780\/revisions\/80785"}],"up":[{"embeddable":true,"href":"https:\/\/www.nosm.ca\/fr\/wp-json\/wp\/v2\/pages\/71638"}],"wp:attachment":[{"href":"https:\/\/www.nosm.ca\/fr\/wp-json\/wp\/v2\/media?parent=80780"}],"curies":[{"name":"wp","href":"https:\/\/api.w.org\/{rel}","templated":true}]}}