{"id":8029,"date":"2018-03-25T21:08:31","date_gmt":"2018-03-26T01:08:31","guid":{"rendered":"https:\/\/wp.nosm.ca\/?page_id=8029"},"modified":"2026-04-07T12:15:26","modified_gmt":"2026-04-07T16:15:26","slug":"northern-ontario-summer-studentship-program-ssp","status":"publish","type":"page","link":"https:\/\/www.nosm.ca\/fr\/our-community\/northern-ontario-summer-studentship-program-ssp\/","title":{"rendered":"Programme de bourses d&rsquo;\u00e9t\u00e9 du Nord de l&rsquo;Ontario"},"content":{"rendered":"<p class=\"qtranxs-available-languages-message qtranxs-available-languages-message-fr\">D\u00e9sol\u00e9,  cette entr\u00e9e de donn\u00e9es est seulement disponible en <a href=\"https:\/\/www.nosm.ca\/en\/wp-json\/wp\/v2\/pages\/8029\" class=\"qtranxs-available-language-link qtranxs-available-language-link-en\" title=\"English\">English<\/a>.<\/p>","protected":false},"excerpt":{"rendered":"<p>D\u00e9sol\u00e9, cette entr\u00e9e de donn\u00e9es est seulement disponible en English.<\/p>\n","protected":false},"author":16,"featured_media":0,"parent":865,"menu_order":8,"comment_status":"closed","ping_status":"closed","template":"","meta":{"_acf_changed":false,"footnotes":""},"class_list":["post-8029","page","type-page","status-publish","hentry"],"acf":[],"_links":{"self":[{"href":"https:\/\/www.nosm.ca\/fr\/wp-json\/wp\/v2\/pages\/8029","targetHints":{"allow":["GET"]}}],"collection":[{"href":"https:\/\/www.nosm.ca\/fr\/wp-json\/wp\/v2\/pages"}],"about":[{"href":"https:\/\/www.nosm.ca\/fr\/wp-json\/wp\/v2\/types\/page"}],"author":[{"embeddable":true,"href":"https:\/\/www.nosm.ca\/fr\/wp-json\/wp\/v2\/users\/16"}],"replies":[{"embeddable":true,"href":"https:\/\/www.nosm.ca\/fr\/wp-json\/wp\/v2\/comments?post=8029"}],"version-history":[{"count":129,"href":"https:\/\/www.nosm.ca\/fr\/wp-json\/wp\/v2\/pages\/8029\/revisions"}],"predecessor-version":[{"id":83884,"href":"https:\/\/www.nosm.ca\/fr\/wp-json\/wp\/v2\/pages\/8029\/revisions\/83884"}],"up":[{"embeddable":true,"href":"https:\/\/www.nosm.ca\/fr\/wp-json\/wp\/v2\/pages\/865"}],"wp:attachment":[{"href":"https:\/\/www.nosm.ca\/fr\/wp-json\/wp\/v2\/media?parent=8029"}],"curies":[{"name":"wp","href":"https:\/\/api.w.org\/{rel}","templated":true}]}}