{"id":79732,"date":"2025-08-01T13:47:42","date_gmt":"2025-08-01T17:47:42","guid":{"rendered":"https:\/\/www.nosm.ca\/?page_id=79732"},"modified":"2025-09-04T13:49:33","modified_gmt":"2025-09-04T17:49:33","slug":"rc-emergencymedicine","status":"publish","type":"page","link":"https:\/\/www.nosm.ca\/fr\/rc-emergencymedicine\/","title":{"rendered":"Emergency Medicine"},"content":{"rendered":"<p class=\"qtranxs-available-languages-message qtranxs-available-languages-message-fr\">D\u00e9sol\u00e9,  cette entr\u00e9e de donn\u00e9es est seulement disponible en <a href=\"https:\/\/www.nosm.ca\/en\/wp-json\/wp\/v2\/pages\/79732\" class=\"qtranxs-available-language-link qtranxs-available-language-link-en\" title=\"English\">English<\/a>.<\/p>","protected":false},"excerpt":{"rendered":"<p>D\u00e9sol\u00e9, cette entr\u00e9e de donn\u00e9es est seulement disponible en English.<\/p>\n","protected":false},"author":45,"featured_media":0,"parent":0,"menu_order":22,"comment_status":"closed","ping_status":"closed","template":"page-templates\/pg-office.php","meta":{"_acf_changed":false,"footnotes":""},"class_list":["post-79732","page","type-page","status-publish","hentry"],"acf":[],"_links":{"self":[{"href":"https:\/\/www.nosm.ca\/fr\/wp-json\/wp\/v2\/pages\/79732","targetHints":{"allow":["GET"]}}],"collection":[{"href":"https:\/\/www.nosm.ca\/fr\/wp-json\/wp\/v2\/pages"}],"about":[{"href":"https:\/\/www.nosm.ca\/fr\/wp-json\/wp\/v2\/types\/page"}],"author":[{"embeddable":true,"href":"https:\/\/www.nosm.ca\/fr\/wp-json\/wp\/v2\/users\/45"}],"replies":[{"embeddable":true,"href":"https:\/\/www.nosm.ca\/fr\/wp-json\/wp\/v2\/comments?post=79732"}],"version-history":[{"count":8,"href":"https:\/\/www.nosm.ca\/fr\/wp-json\/wp\/v2\/pages\/79732\/revisions"}],"predecessor-version":[{"id":80386,"href":"https:\/\/www.nosm.ca\/fr\/wp-json\/wp\/v2\/pages\/79732\/revisions\/80386"}],"wp:attachment":[{"href":"https:\/\/www.nosm.ca\/fr\/wp-json\/wp\/v2\/media?parent=79732"}],"curies":[{"name":"wp","href":"https:\/\/api.w.org\/{rel}","templated":true}]}}