{"id":79556,"date":"2025-07-22T09:34:01","date_gmt":"2025-07-22T13:34:01","guid":{"rendered":"https:\/\/www.nosm.ca\/?page_id=79556"},"modified":"2025-11-14T19:04:58","modified_gmt":"2025-11-14T19:04:58","slug":"campmed-2025","status":"publish","type":"page","link":"https:\/\/www.nosm.ca\/fr\/our-community\/youth-engagement\/campmed\/campmed-2025\/","title":{"rendered":"Campmed 2025"},"content":{"rendered":"<p class=\"qtranxs-available-languages-message qtranxs-available-languages-message-fr\">D\u00e9sol\u00e9,  cette entr\u00e9e de donn\u00e9es est seulement disponible en <a href=\"https:\/\/www.nosm.ca\/en\/wp-json\/wp\/v2\/pages\/79556\" class=\"qtranxs-available-language-link qtranxs-available-language-link-en\" title=\"English\">English<\/a>.<\/p>","protected":false},"excerpt":{"rendered":"<p>D\u00e9sol\u00e9, cette entr\u00e9e de donn\u00e9es est seulement disponible en English.<\/p>\n","protected":false},"author":43,"featured_media":0,"parent":9310,"menu_order":2,"comment_status":"closed","ping_status":"closed","template":"page-templates\/quick-links-2.php","meta":{"_acf_changed":false,"footnotes":""},"class_list":["post-79556","page","type-page","status-publish","hentry"],"acf":[],"_links":{"self":[{"href":"https:\/\/www.nosm.ca\/fr\/wp-json\/wp\/v2\/pages\/79556","targetHints":{"allow":["GET"]}}],"collection":[{"href":"https:\/\/www.nosm.ca\/fr\/wp-json\/wp\/v2\/pages"}],"about":[{"href":"https:\/\/www.nosm.ca\/fr\/wp-json\/wp\/v2\/types\/page"}],"author":[{"embeddable":true,"href":"https:\/\/www.nosm.ca\/fr\/wp-json\/wp\/v2\/users\/43"}],"replies":[{"embeddable":true,"href":"https:\/\/www.nosm.ca\/fr\/wp-json\/wp\/v2\/comments?post=79556"}],"version-history":[{"count":13,"href":"https:\/\/www.nosm.ca\/fr\/wp-json\/wp\/v2\/pages\/79556\/revisions"}],"predecessor-version":[{"id":82502,"href":"https:\/\/www.nosm.ca\/fr\/wp-json\/wp\/v2\/pages\/79556\/revisions\/82502"}],"up":[{"embeddable":true,"href":"https:\/\/www.nosm.ca\/fr\/wp-json\/wp\/v2\/pages\/9310"}],"wp:attachment":[{"href":"https:\/\/www.nosm.ca\/fr\/wp-json\/wp\/v2\/media?parent=79556"}],"curies":[{"name":"wp","href":"https:\/\/api.w.org\/{rel}","templated":true}]}}