{"id":7938,"date":"2018-03-22T14:39:12","date_gmt":"2018-03-22T18:39:12","guid":{"rendered":"https:\/\/wp.nosm.ca\/?page_id=7938"},"modified":"2026-03-27T10:08:12","modified_gmt":"2026-03-27T14:08:12","slug":"policies-and-procedures","status":"publish","type":"page","link":"https:\/\/www.nosm.ca\/fr\/pgme-office\/program-coordinator-resources\/policies-and-procedures\/","title":{"rendered":"Politiques, proc\u00e9dures et formulaires"},"content":{"rendered":"<p class=\"qtranxs-available-languages-message qtranxs-available-languages-message-fr\">D\u00e9sol\u00e9,  cette entr\u00e9e de donn\u00e9es est seulement disponible en <a href=\"https:\/\/www.nosm.ca\/en\/wp-json\/wp\/v2\/pages\/7938\" class=\"qtranxs-available-language-link qtranxs-available-language-link-en\" title=\"English\">English<\/a>.<\/p>","protected":false},"excerpt":{"rendered":"<p>D\u00e9sol\u00e9, cette entr\u00e9e de donn\u00e9es est seulement disponible en English.<\/p>\n","protected":false},"author":16,"featured_media":0,"parent":64086,"menu_order":1,"comment_status":"closed","ping_status":"closed","template":"","meta":{"_acf_changed":false,"footnotes":""},"class_list":["post-7938","page","type-page","status-publish","hentry"],"acf":[],"_links":{"self":[{"href":"https:\/\/www.nosm.ca\/fr\/wp-json\/wp\/v2\/pages\/7938","targetHints":{"allow":["GET"]}}],"collection":[{"href":"https:\/\/www.nosm.ca\/fr\/wp-json\/wp\/v2\/pages"}],"about":[{"href":"https:\/\/www.nosm.ca\/fr\/wp-json\/wp\/v2\/types\/page"}],"author":[{"embeddable":true,"href":"https:\/\/www.nosm.ca\/fr\/wp-json\/wp\/v2\/users\/16"}],"replies":[{"embeddable":true,"href":"https:\/\/www.nosm.ca\/fr\/wp-json\/wp\/v2\/comments?post=7938"}],"version-history":[{"count":353,"href":"https:\/\/www.nosm.ca\/fr\/wp-json\/wp\/v2\/pages\/7938\/revisions"}],"predecessor-version":[{"id":83737,"href":"https:\/\/www.nosm.ca\/fr\/wp-json\/wp\/v2\/pages\/7938\/revisions\/83737"}],"up":[{"embeddable":true,"href":"https:\/\/www.nosm.ca\/fr\/wp-json\/wp\/v2\/pages\/64086"}],"wp:attachment":[{"href":"https:\/\/www.nosm.ca\/fr\/wp-json\/wp\/v2\/media?parent=7938"}],"curies":[{"name":"wp","href":"https:\/\/api.w.org\/{rel}","templated":true}]}}