{"id":79379,"date":"2025-07-15T13:20:35","date_gmt":"2025-07-15T17:20:35","guid":{"rendered":"https:\/\/www.nosm.ca\/?page_id=79379"},"modified":"2025-09-15T09:09:56","modified_gmt":"2025-09-15T13:09:56","slug":"curriculum-academics","status":"publish","type":"page","link":"https:\/\/www.nosm.ca\/fr\/medical-oncology\/curriculum-academics\/","title":{"rendered":"Curriculum &#038; Academics"},"content":{"rendered":"<p class=\"qtranxs-available-languages-message qtranxs-available-languages-message-fr\">D\u00e9sol\u00e9,  cette entr\u00e9e de donn\u00e9es est seulement disponible en <a href=\"https:\/\/www.nosm.ca\/en\/wp-json\/wp\/v2\/pages\/79379\" class=\"qtranxs-available-language-link qtranxs-available-language-link-en\" title=\"English\">English<\/a>.<\/p>","protected":false},"excerpt":{"rendered":"<p>D\u00e9sol\u00e9, cette entr\u00e9e de donn\u00e9es est seulement disponible en English.<\/p>\n","protected":false},"author":45,"featured_media":0,"parent":79368,"menu_order":2,"comment_status":"closed","ping_status":"closed","template":"page-templates\/pg-office.php","meta":{"_acf_changed":false,"footnotes":""},"class_list":["post-79379","page","type-page","status-publish","hentry"],"acf":[],"_links":{"self":[{"href":"https:\/\/www.nosm.ca\/fr\/wp-json\/wp\/v2\/pages\/79379","targetHints":{"allow":["GET"]}}],"collection":[{"href":"https:\/\/www.nosm.ca\/fr\/wp-json\/wp\/v2\/pages"}],"about":[{"href":"https:\/\/www.nosm.ca\/fr\/wp-json\/wp\/v2\/types\/page"}],"author":[{"embeddable":true,"href":"https:\/\/www.nosm.ca\/fr\/wp-json\/wp\/v2\/users\/45"}],"replies":[{"embeddable":true,"href":"https:\/\/www.nosm.ca\/fr\/wp-json\/wp\/v2\/comments?post=79379"}],"version-history":[{"count":9,"href":"https:\/\/www.nosm.ca\/fr\/wp-json\/wp\/v2\/pages\/79379\/revisions"}],"predecessor-version":[{"id":80544,"href":"https:\/\/www.nosm.ca\/fr\/wp-json\/wp\/v2\/pages\/79379\/revisions\/80544"}],"up":[{"embeddable":true,"href":"https:\/\/www.nosm.ca\/fr\/wp-json\/wp\/v2\/pages\/79368"}],"wp:attachment":[{"href":"https:\/\/www.nosm.ca\/fr\/wp-json\/wp\/v2\/media?parent=79379"}],"curies":[{"name":"wp","href":"https:\/\/api.w.org\/{rel}","templated":true}]}}