{"id":78020,"date":"2025-05-14T11:25:09","date_gmt":"2025-05-14T15:25:09","guid":{"rendered":"https:\/\/www.nosm.ca\/?page_id=78020"},"modified":"2026-02-12T12:25:17","modified_gmt":"2026-02-12T17:25:17","slug":"procurement-services","status":"publish","type":"page","link":"https:\/\/www.nosm.ca\/fr\/about\/administrative-offices\/finance\/procurement-services\/","title":{"rendered":"Procurement Services"},"content":{"rendered":"<p class=\"qtranxs-available-languages-message qtranxs-available-languages-message-fr\">D\u00e9sol\u00e9,  cette entr\u00e9e de donn\u00e9es est seulement disponible en <a href=\"https:\/\/www.nosm.ca\/en\/wp-json\/wp\/v2\/pages\/78020\" class=\"qtranxs-available-language-link qtranxs-available-language-link-en\" title=\"English\">English<\/a>.<\/p>","protected":false},"excerpt":{"rendered":"<p>D\u00e9sol\u00e9, cette entr\u00e9e de donn\u00e9es est seulement disponible en English.<\/p>\n","protected":false},"author":316,"featured_media":0,"parent":1255,"menu_order":1,"comment_status":"closed","ping_status":"closed","template":"page-templates\/quick-links-2.php","meta":{"_acf_changed":false,"footnotes":""},"class_list":["post-78020","page","type-page","status-publish","hentry"],"acf":[],"_links":{"self":[{"href":"https:\/\/www.nosm.ca\/fr\/wp-json\/wp\/v2\/pages\/78020","targetHints":{"allow":["GET"]}}],"collection":[{"href":"https:\/\/www.nosm.ca\/fr\/wp-json\/wp\/v2\/pages"}],"about":[{"href":"https:\/\/www.nosm.ca\/fr\/wp-json\/wp\/v2\/types\/page"}],"author":[{"embeddable":true,"href":"https:\/\/www.nosm.ca\/fr\/wp-json\/wp\/v2\/users\/316"}],"replies":[{"embeddable":true,"href":"https:\/\/www.nosm.ca\/fr\/wp-json\/wp\/v2\/comments?post=78020"}],"version-history":[{"count":17,"href":"https:\/\/www.nosm.ca\/fr\/wp-json\/wp\/v2\/pages\/78020\/revisions"}],"predecessor-version":[{"id":82843,"href":"https:\/\/www.nosm.ca\/fr\/wp-json\/wp\/v2\/pages\/78020\/revisions\/82843"}],"up":[{"embeddable":true,"href":"https:\/\/www.nosm.ca\/fr\/wp-json\/wp\/v2\/pages\/1255"}],"wp:attachment":[{"href":"https:\/\/www.nosm.ca\/fr\/wp-json\/wp\/v2\/media?parent=78020"}],"curies":[{"name":"wp","href":"https:\/\/api.w.org\/{rel}","templated":true}]}}