{"id":7796,"date":"2018-03-20T11:01:28","date_gmt":"2018-03-20T15:01:28","guid":{"rendered":"https:\/\/wp.nosm.ca\/?page_id=7796"},"modified":"2022-05-02T11:19:23","modified_gmt":"2022-05-02T15:19:23","slug":"local-nosm-groups","status":"publish","type":"page","link":"https:\/\/www.nosm.ca\/fr\/our-community\/partnering-for-a-healthier-north\/local-nosm-groups\/","title":{"rendered":"Groupes locaux de l&rsquo;EMNO"},"content":{"rendered":"<p class=\"qtranxs-available-languages-message qtranxs-available-languages-message-fr\">D\u00e9sol\u00e9,  cette entr\u00e9e de donn\u00e9es est seulement disponible en <a href=\"https:\/\/www.nosm.ca\/en\/wp-json\/wp\/v2\/pages\/7796\" class=\"qtranxs-available-language-link qtranxs-available-language-link-en\" title=\"English\">English<\/a>.<\/p>","protected":false},"excerpt":{"rendered":"<p>D\u00e9sol\u00e9, cette entr\u00e9e de donn\u00e9es est seulement disponible en English.<\/p>\n","protected":false},"author":16,"featured_media":0,"parent":6296,"menu_order":3,"comment_status":"closed","ping_status":"closed","template":"page-templates\/landing.php","meta":{"_acf_changed":false,"footnotes":""},"class_list":["post-7796","page","type-page","status-publish","hentry"],"acf":[],"_links":{"self":[{"href":"https:\/\/www.nosm.ca\/fr\/wp-json\/wp\/v2\/pages\/7796","targetHints":{"allow":["GET"]}}],"collection":[{"href":"https:\/\/www.nosm.ca\/fr\/wp-json\/wp\/v2\/pages"}],"about":[{"href":"https:\/\/www.nosm.ca\/fr\/wp-json\/wp\/v2\/types\/page"}],"author":[{"embeddable":true,"href":"https:\/\/www.nosm.ca\/fr\/wp-json\/wp\/v2\/users\/16"}],"replies":[{"embeddable":true,"href":"https:\/\/www.nosm.ca\/fr\/wp-json\/wp\/v2\/comments?post=7796"}],"version-history":[{"count":6,"href":"https:\/\/www.nosm.ca\/fr\/wp-json\/wp\/v2\/pages\/7796\/revisions"}],"predecessor-version":[{"id":51025,"href":"https:\/\/www.nosm.ca\/fr\/wp-json\/wp\/v2\/pages\/7796\/revisions\/51025"}],"up":[{"embeddable":true,"href":"https:\/\/www.nosm.ca\/fr\/wp-json\/wp\/v2\/pages\/6296"}],"wp:attachment":[{"href":"https:\/\/www.nosm.ca\/fr\/wp-json\/wp\/v2\/media?parent=7796"}],"curies":[{"name":"wp","href":"https:\/\/api.w.org\/{rel}","templated":true}]}}