{"id":77647,"date":"2025-04-23T11:12:52","date_gmt":"2025-04-23T15:12:52","guid":{"rendered":"https:\/\/www.nosm.ca\/?page_id=77647"},"modified":"2026-01-09T14:58:11","modified_gmt":"2026-01-09T19:58:11","slug":"academic-governance","status":"publish","type":"page","link":"https:\/\/www.nosm.ca\/fr\/about\/governance\/senate\/academic-governance\/","title":{"rendered":"Academic Governance"},"content":{"rendered":"<p class=\"qtranxs-available-languages-message qtranxs-available-languages-message-fr\">D\u00e9sol\u00e9,  cette entr\u00e9e de donn\u00e9es est seulement disponible en <a href=\"https:\/\/www.nosm.ca\/en\/wp-json\/wp\/v2\/pages\/77647\" class=\"qtranxs-available-language-link qtranxs-available-language-link-en\" title=\"English\">English<\/a>.<\/p>","protected":false},"excerpt":{"rendered":"<p>D\u00e9sol\u00e9, cette entr\u00e9e de donn\u00e9es est seulement disponible en English.<\/p>\n","protected":false},"author":122,"featured_media":0,"parent":50265,"menu_order":1,"comment_status":"closed","ping_status":"closed","template":"","meta":{"_acf_changed":false,"footnotes":""},"class_list":["post-77647","page","type-page","status-publish","hentry"],"acf":[],"_links":{"self":[{"href":"https:\/\/www.nosm.ca\/fr\/wp-json\/wp\/v2\/pages\/77647","targetHints":{"allow":["GET"]}}],"collection":[{"href":"https:\/\/www.nosm.ca\/fr\/wp-json\/wp\/v2\/pages"}],"about":[{"href":"https:\/\/www.nosm.ca\/fr\/wp-json\/wp\/v2\/types\/page"}],"author":[{"embeddable":true,"href":"https:\/\/www.nosm.ca\/fr\/wp-json\/wp\/v2\/users\/122"}],"replies":[{"embeddable":true,"href":"https:\/\/www.nosm.ca\/fr\/wp-json\/wp\/v2\/comments?post=77647"}],"version-history":[{"count":11,"href":"https:\/\/www.nosm.ca\/fr\/wp-json\/wp\/v2\/pages\/77647\/revisions"}],"predecessor-version":[{"id":82294,"href":"https:\/\/www.nosm.ca\/fr\/wp-json\/wp\/v2\/pages\/77647\/revisions\/82294"}],"up":[{"embeddable":true,"href":"https:\/\/www.nosm.ca\/fr\/wp-json\/wp\/v2\/pages\/50265"}],"wp:attachment":[{"href":"https:\/\/www.nosm.ca\/fr\/wp-json\/wp\/v2\/media?parent=77647"}],"curies":[{"name":"wp","href":"https:\/\/api.w.org\/{rel}","templated":true}]}}