{"id":77320,"date":"2025-04-02T14:50:23","date_gmt":"2025-04-02T18:50:23","guid":{"rendered":"https:\/\/www.nosm.ca\/?page_id=77320"},"modified":"2025-11-17T20:31:27","modified_gmt":"2025-11-17T20:31:27","slug":"graduate-transfer-courses","status":"publish","type":"page","link":"https:\/\/www.nosm.ca\/fr\/research\/graduate-studies\/master-of-medical-studies\/course-descriptions\/graduate-transfer-courses\/","title":{"rendered":"Transfer Courses"},"content":{"rendered":"<p class=\"qtranxs-available-languages-message qtranxs-available-languages-message-fr\">D\u00e9sol\u00e9,  cette entr\u00e9e de donn\u00e9es est seulement disponible en <a href=\"https:\/\/www.nosm.ca\/en\/wp-json\/wp\/v2\/pages\/77320\" class=\"qtranxs-available-language-link qtranxs-available-language-link-en\" title=\"English\">English<\/a>.<\/p>","protected":false},"excerpt":{"rendered":"<p>D\u00e9sol\u00e9, cette entr\u00e9e de donn\u00e9es est seulement disponible en English.<\/p>\n","protected":false},"author":166,"featured_media":0,"parent":21731,"menu_order":1,"comment_status":"closed","ping_status":"closed","template":"","meta":{"_acf_changed":false,"footnotes":""},"class_list":["post-77320","page","type-page","status-publish","hentry"],"acf":[],"_links":{"self":[{"href":"https:\/\/www.nosm.ca\/fr\/wp-json\/wp\/v2\/pages\/77320","targetHints":{"allow":["GET"]}}],"collection":[{"href":"https:\/\/www.nosm.ca\/fr\/wp-json\/wp\/v2\/pages"}],"about":[{"href":"https:\/\/www.nosm.ca\/fr\/wp-json\/wp\/v2\/types\/page"}],"author":[{"embeddable":true,"href":"https:\/\/www.nosm.ca\/fr\/wp-json\/wp\/v2\/users\/166"}],"replies":[{"embeddable":true,"href":"https:\/\/www.nosm.ca\/fr\/wp-json\/wp\/v2\/comments?post=77320"}],"version-history":[{"count":15,"href":"https:\/\/www.nosm.ca\/fr\/wp-json\/wp\/v2\/pages\/77320\/revisions"}],"predecessor-version":[{"id":81729,"href":"https:\/\/www.nosm.ca\/fr\/wp-json\/wp\/v2\/pages\/77320\/revisions\/81729"}],"up":[{"embeddable":true,"href":"https:\/\/www.nosm.ca\/fr\/wp-json\/wp\/v2\/pages\/21731"}],"wp:attachment":[{"href":"https:\/\/www.nosm.ca\/fr\/wp-json\/wp\/v2\/media?parent=77320"}],"curies":[{"name":"wp","href":"https:\/\/api.w.org\/{rel}","templated":true}]}}