{"id":76902,"date":"2025-03-17T10:45:29","date_gmt":"2025-03-17T14:45:29","guid":{"rendered":"https:\/\/www.nosm.ca\/?page_id=76902"},"modified":"2025-11-20T17:26:36","modified_gmt":"2025-11-20T17:26:36","slug":"faire-un-don-a-la-bourse-communautaire-francophone-maureen-lacroix-donate-to-the-maureen-lacroix-francophone-community-bursary","status":"publish","type":"page","link":"https:\/\/www.nosm.ca\/fr\/how-to-donate\/established-memorial-funds\/faire-un-don-a-la-bourse-communautaire-francophone-maureen-lacroix-donate-to-the-maureen-lacroix-francophone-community-bursary\/","title":{"rendered":"Faire un don \u00e0 la Bourse communautaire francophone Maureen Lacroix"},"content":{"rendered":"<p>La\u00a0<b>Bourse francophone Maureen Lacroix<\/b>\u00a0a \u00e9t\u00e9 \u00e9tablie (2007)pour soutenir les apprenants francophones de l\u2019Universit\u00e9 NOSM, en reconnaissance de l\u2019engagement de Maureen Lacroix envers l\u2019am\u00e9lioration des soins de sant\u00e9 dans les communaut\u00e9s francophones du Nord de l\u2019Ontario. Cette bourse vise \u00e0 all\u00e9ger les d\u00e9fis financiers auxquels ces \u00e9tudiants font face tout en encourageant leur r\u00e9ussite acad\u00e9mique. En investissant dans les futurs professionnels de la sant\u00e9 francophones, cette bourse aide \u00e0 renforcer l\u2019acc\u00e8s aux soins dans les r\u00e9gions o\u00f9 la langue et la culture francophones jouent un r\u00f4le crucial. Elle est un t\u00e9moignage durable de l\u2019h\u00e9ritage de Maureen Lacroix et de son d\u00e9vouement envers la communaut\u00e9.<\/p>\n<p><img loading=\"lazy\" decoding=\"async\" class=\"alignnone size-medium wp-image-76904\" src=\"https:\/\/www.nosm.ca\/wp-content\/uploads\/2025\/03\/francophone-flag-300x176.jpg\" alt=\"francophone-flag\" width=\"300\" height=\"176\" srcset=\"https:\/\/www.nosm.ca\/wp-content\/uploads\/2025\/03\/francophone-flag-300x176.jpg 300w, https:\/\/www.nosm.ca\/wp-content\/uploads\/2025\/03\/francophone-flag-1024x601.jpg 1024w, https:\/\/www.nosm.ca\/wp-content\/uploads\/2025\/03\/francophone-flag-150x88.jpg 150w, https:\/\/www.nosm.ca\/wp-content\/uploads\/2025\/03\/francophone-flag-768x451.jpg 768w, https:\/\/www.nosm.ca\/wp-content\/uploads\/2025\/03\/francophone-flag-1536x901.jpg 1536w, https:\/\/www.nosm.ca\/wp-content\/uploads\/2025\/03\/francophone-flag-2048x1202.jpg 2048w\" sizes=\"auto, (max-width: 300px) 100vw, 300px\" \/><\/p>","protected":false},"excerpt":{"rendered":"<p>La\u00a0Bourse francophone Maureen Lacroix\u00a0a \u00e9t\u00e9 \u00e9tablie (2007)pour soutenir les apprenants francophones de l\u2019Universit\u00e9 NOSM, en reconnaissance de l\u2019engagement de Maureen Lacroix envers l\u2019am\u00e9lioration des soins de sant\u00e9 dans les communaut\u00e9s francophones du Nord de l\u2019Ontario. Cette bourse vise \u00e0 all\u00e9ger les d\u00e9fis financiers auxquels ces \u00e9tudiants font face tout en encourageant leur r\u00e9ussite acad\u00e9mique. En &hellip; <a href=\"https:\/\/www.nosm.ca\/fr\/how-to-donate\/established-memorial-funds\/faire-un-don-a-la-bourse-communautaire-francophone-maureen-lacroix-donate-to-the-maureen-lacroix-francophone-community-bursary\/\" class=\"more-link\">Continue reading <span class=\"screen-reader-text\">Faire un don \u00e0 la Bourse communautaire francophone Maureen Lacroix<\/span> <span class=\"meta-nav\">&rarr;<\/span><\/a><\/p>\n","protected":false},"author":158,"featured_media":0,"parent":70561,"menu_order":10,"comment_status":"closed","ping_status":"closed","template":"page-templates\/bbox-form.php","meta":{"_acf_changed":false,"footnotes":""},"class_list":["post-76902","page","type-page","status-publish","hentry"],"acf":[],"_links":{"self":[{"href":"https:\/\/www.nosm.ca\/fr\/wp-json\/wp\/v2\/pages\/76902","targetHints":{"allow":["GET"]}}],"collection":[{"href":"https:\/\/www.nosm.ca\/fr\/wp-json\/wp\/v2\/pages"}],"about":[{"href":"https:\/\/www.nosm.ca\/fr\/wp-json\/wp\/v2\/types\/page"}],"author":[{"embeddable":true,"href":"https:\/\/www.nosm.ca\/fr\/wp-json\/wp\/v2\/users\/158"}],"replies":[{"embeddable":true,"href":"https:\/\/www.nosm.ca\/fr\/wp-json\/wp\/v2\/comments?post=76902"}],"version-history":[{"count":14,"href":"https:\/\/www.nosm.ca\/fr\/wp-json\/wp\/v2\/pages\/76902\/revisions"}],"predecessor-version":[{"id":81778,"href":"https:\/\/www.nosm.ca\/fr\/wp-json\/wp\/v2\/pages\/76902\/revisions\/81778"}],"up":[{"embeddable":true,"href":"https:\/\/www.nosm.ca\/fr\/wp-json\/wp\/v2\/pages\/70561"}],"wp:attachment":[{"href":"https:\/\/www.nosm.ca\/fr\/wp-json\/wp\/v2\/media?parent=76902"}],"curies":[{"name":"wp","href":"https:\/\/api.w.org\/{rel}","templated":true}]}}