{"id":73513,"date":"2024-12-11T13:18:34","date_gmt":"2024-12-11T18:18:34","guid":{"rendered":"https:\/\/www.nosm.ca\/?page_id=73513"},"modified":"2025-01-29T14:19:08","modified_gmt":"2025-01-29T19:19:08","slug":"dr-jean-anawati-award-bursary","status":"publish","type":"page","link":"https:\/\/www.nosm.ca\/fr\/how-to-donate\/dr-jean-anawati-award-bursary\/","title":{"rendered":"Dr. Jean Anawati Award Bursary"},"content":{"rendered":"<p class=\"qtranxs-available-languages-message qtranxs-available-languages-message-fr\">D\u00e9sol\u00e9,  cette entr\u00e9e de donn\u00e9es est seulement disponible en <a href=\"https:\/\/www.nosm.ca\/en\/wp-json\/wp\/v2\/pages\/73513\" class=\"qtranxs-available-language-link qtranxs-available-language-link-en\" title=\"English\">English<\/a>.<\/p>","protected":false},"excerpt":{"rendered":"<p>D\u00e9sol\u00e9, cette entr\u00e9e de donn\u00e9es est seulement disponible en English.<\/p>\n","protected":false},"author":158,"featured_media":0,"parent":71638,"menu_order":12,"comment_status":"closed","ping_status":"closed","template":"page-templates\/bbox-form.php","meta":{"_acf_changed":false,"footnotes":""},"class_list":["post-73513","page","type-page","status-publish","hentry"],"acf":[],"_links":{"self":[{"href":"https:\/\/www.nosm.ca\/fr\/wp-json\/wp\/v2\/pages\/73513","targetHints":{"allow":["GET"]}}],"collection":[{"href":"https:\/\/www.nosm.ca\/fr\/wp-json\/wp\/v2\/pages"}],"about":[{"href":"https:\/\/www.nosm.ca\/fr\/wp-json\/wp\/v2\/types\/page"}],"author":[{"embeddable":true,"href":"https:\/\/www.nosm.ca\/fr\/wp-json\/wp\/v2\/users\/158"}],"replies":[{"embeddable":true,"href":"https:\/\/www.nosm.ca\/fr\/wp-json\/wp\/v2\/comments?post=73513"}],"version-history":[{"count":10,"href":"https:\/\/www.nosm.ca\/fr\/wp-json\/wp\/v2\/pages\/73513\/revisions"}],"predecessor-version":[{"id":73527,"href":"https:\/\/www.nosm.ca\/fr\/wp-json\/wp\/v2\/pages\/73513\/revisions\/73527"}],"up":[{"embeddable":true,"href":"https:\/\/www.nosm.ca\/fr\/wp-json\/wp\/v2\/pages\/71638"}],"wp:attachment":[{"href":"https:\/\/www.nosm.ca\/fr\/wp-json\/wp\/v2\/media?parent=73513"}],"curies":[{"name":"wp","href":"https:\/\/api.w.org\/{rel}","templated":true}]}}