{"id":72623,"date":"2024-10-31T13:59:17","date_gmt":"2024-10-31T17:59:17","guid":{"rendered":"https:\/\/www.nosm.ca\/?page_id=72623"},"modified":"2025-09-22T14:30:55","modified_gmt":"2025-09-22T18:30:55","slug":"booking-an-appointment-with-lss","status":"publish","type":"page","link":"https:\/\/www.nosm.ca\/fr\/education\/current-learners\/learnersupportservices\/booking-an-appointment-with-lss\/","title":{"rendered":"Booking an Appointment with LSS"},"content":{"rendered":"<p class=\"qtranxs-available-languages-message qtranxs-available-languages-message-fr\">D\u00e9sol\u00e9,  cette entr\u00e9e de donn\u00e9es est seulement disponible en <a href=\"https:\/\/www.nosm.ca\/en\/wp-json\/wp\/v2\/pages\/72623\" class=\"qtranxs-available-language-link qtranxs-available-language-link-en\" title=\"English\">English<\/a>.<\/p>","protected":false},"excerpt":{"rendered":"<p>D\u00e9sol\u00e9, cette entr\u00e9e de donn\u00e9es est seulement disponible en English.<\/p>\n","protected":false},"author":242,"featured_media":0,"parent":50671,"menu_order":2,"comment_status":"closed","ping_status":"closed","template":"","meta":{"_acf_changed":false,"footnotes":""},"class_list":["post-72623","page","type-page","status-publish","hentry"],"acf":[],"_links":{"self":[{"href":"https:\/\/www.nosm.ca\/fr\/wp-json\/wp\/v2\/pages\/72623","targetHints":{"allow":["GET"]}}],"collection":[{"href":"https:\/\/www.nosm.ca\/fr\/wp-json\/wp\/v2\/pages"}],"about":[{"href":"https:\/\/www.nosm.ca\/fr\/wp-json\/wp\/v2\/types\/page"}],"author":[{"embeddable":true,"href":"https:\/\/www.nosm.ca\/fr\/wp-json\/wp\/v2\/users\/242"}],"replies":[{"embeddable":true,"href":"https:\/\/www.nosm.ca\/fr\/wp-json\/wp\/v2\/comments?post=72623"}],"version-history":[{"count":46,"href":"https:\/\/www.nosm.ca\/fr\/wp-json\/wp\/v2\/pages\/72623\/revisions"}],"predecessor-version":[{"id":80678,"href":"https:\/\/www.nosm.ca\/fr\/wp-json\/wp\/v2\/pages\/72623\/revisions\/80678"}],"up":[{"embeddable":true,"href":"https:\/\/www.nosm.ca\/fr\/wp-json\/wp\/v2\/pages\/50671"}],"wp:attachment":[{"href":"https:\/\/www.nosm.ca\/fr\/wp-json\/wp\/v2\/media?parent=72623"}],"curies":[{"name":"wp","href":"https:\/\/api.w.org\/{rel}","templated":true}]}}