{"id":71914,"date":"2024-09-26T16:01:57","date_gmt":"2024-09-26T20:01:57","guid":{"rendered":"https:\/\/www.nosm.ca\/?page_id=71914"},"modified":"2025-04-28T13:02:21","modified_gmt":"2025-04-28T17:02:21","slug":"visit-nosm-university","status":"publish","type":"page","link":"https:\/\/www.nosm.ca\/fr\/our-community\/visit-nosm-university\/","title":{"rendered":"Visit NOSM University"},"content":{"rendered":"<p class=\"qtranxs-available-languages-message qtranxs-available-languages-message-fr\">D\u00e9sol\u00e9,  cette entr\u00e9e de donn\u00e9es est seulement disponible en <a href=\"https:\/\/www.nosm.ca\/en\/wp-json\/wp\/v2\/pages\/71914\" class=\"qtranxs-available-language-link qtranxs-available-language-link-en\" title=\"English\">English<\/a>.<\/p>","protected":false},"excerpt":{"rendered":"<p>D\u00e9sol\u00e9, cette entr\u00e9e de donn\u00e9es est seulement disponible en English.<\/p>\n","protected":false},"author":16,"featured_media":0,"parent":865,"menu_order":3,"comment_status":"closed","ping_status":"closed","template":"page-templates\/quick-links-2.php","meta":{"_acf_changed":false,"footnotes":""},"class_list":["post-71914","page","type-page","status-publish","hentry"],"acf":[],"_links":{"self":[{"href":"https:\/\/www.nosm.ca\/fr\/wp-json\/wp\/v2\/pages\/71914","targetHints":{"allow":["GET"]}}],"collection":[{"href":"https:\/\/www.nosm.ca\/fr\/wp-json\/wp\/v2\/pages"}],"about":[{"href":"https:\/\/www.nosm.ca\/fr\/wp-json\/wp\/v2\/types\/page"}],"author":[{"embeddable":true,"href":"https:\/\/www.nosm.ca\/fr\/wp-json\/wp\/v2\/users\/16"}],"replies":[{"embeddable":true,"href":"https:\/\/www.nosm.ca\/fr\/wp-json\/wp\/v2\/comments?post=71914"}],"version-history":[{"count":15,"href":"https:\/\/www.nosm.ca\/fr\/wp-json\/wp\/v2\/pages\/71914\/revisions"}],"predecessor-version":[{"id":77746,"href":"https:\/\/www.nosm.ca\/fr\/wp-json\/wp\/v2\/pages\/71914\/revisions\/77746"}],"up":[{"embeddable":true,"href":"https:\/\/www.nosm.ca\/fr\/wp-json\/wp\/v2\/pages\/865"}],"wp:attachment":[{"href":"https:\/\/www.nosm.ca\/fr\/wp-json\/wp\/v2\/media?parent=71914"}],"curies":[{"name":"wp","href":"https:\/\/api.w.org\/{rel}","templated":true}]}}