{"id":71542,"date":"2024-09-17T12:10:17","date_gmt":"2024-09-17T16:10:17","guid":{"rendered":"https:\/\/www.nosm.ca\/?page_id=71542"},"modified":"2025-08-12T11:42:46","modified_gmt":"2025-08-12T15:42:46","slug":"orientation","status":"publish","type":"page","link":"https:\/\/www.nosm.ca\/fr\/about\/governance\/senate\/membership\/orientation\/","title":{"rendered":"Senate Orientation"},"content":{"rendered":"<p class=\"qtranxs-available-languages-message qtranxs-available-languages-message-fr\">D\u00e9sol\u00e9,  cette entr\u00e9e de donn\u00e9es est seulement disponible en <a href=\"https:\/\/www.nosm.ca\/en\/wp-json\/wp\/v2\/pages\/71542\" class=\"qtranxs-available-language-link qtranxs-available-language-link-en\" title=\"English\">English<\/a>.<\/p>","protected":false},"excerpt":{"rendered":"<p>D\u00e9sol\u00e9, cette entr\u00e9e de donn\u00e9es est seulement disponible en English.<\/p>\n","protected":false},"author":122,"featured_media":0,"parent":50267,"menu_order":1,"comment_status":"closed","ping_status":"closed","template":"page-templates\/pg-office.php","meta":{"_acf_changed":false,"footnotes":""},"class_list":["post-71542","page","type-page","status-publish","hentry"],"acf":[],"_links":{"self":[{"href":"https:\/\/www.nosm.ca\/fr\/wp-json\/wp\/v2\/pages\/71542","targetHints":{"allow":["GET"]}}],"collection":[{"href":"https:\/\/www.nosm.ca\/fr\/wp-json\/wp\/v2\/pages"}],"about":[{"href":"https:\/\/www.nosm.ca\/fr\/wp-json\/wp\/v2\/types\/page"}],"author":[{"embeddable":true,"href":"https:\/\/www.nosm.ca\/fr\/wp-json\/wp\/v2\/users\/122"}],"replies":[{"embeddable":true,"href":"https:\/\/www.nosm.ca\/fr\/wp-json\/wp\/v2\/comments?post=71542"}],"version-history":[{"count":30,"href":"https:\/\/www.nosm.ca\/fr\/wp-json\/wp\/v2\/pages\/71542\/revisions"}],"predecessor-version":[{"id":79847,"href":"https:\/\/www.nosm.ca\/fr\/wp-json\/wp\/v2\/pages\/71542\/revisions\/79847"}],"up":[{"embeddable":true,"href":"https:\/\/www.nosm.ca\/fr\/wp-json\/wp\/v2\/pages\/50267"}],"wp:attachment":[{"href":"https:\/\/www.nosm.ca\/fr\/wp-json\/wp\/v2\/media?parent=71542"}],"curies":[{"name":"wp","href":"https:\/\/api.w.org\/{rel}","templated":true}]}}