{"id":70785,"date":"2024-08-26T11:20:21","date_gmt":"2024-08-26T15:20:21","guid":{"rendered":"https:\/\/www.nosm.ca\/?page_id=70785"},"modified":"2026-01-27T11:52:56","modified_gmt":"2026-01-27T16:52:56","slug":"ume-student-faculty-advisors","status":"publish","type":"page","link":"https:\/\/www.nosm.ca\/fr\/education\/current-learners\/ume-student-faculty-advisors\/","title":{"rendered":"UME Student Faculty Advisor"},"content":{"rendered":"<p class=\"qtranxs-available-languages-message qtranxs-available-languages-message-fr\">D\u00e9sol\u00e9,  cette entr\u00e9e de donn\u00e9es est seulement disponible en <a href=\"https:\/\/www.nosm.ca\/en\/wp-json\/wp\/v2\/pages\/70785\" class=\"qtranxs-available-language-link qtranxs-available-language-link-en\" title=\"English\">English<\/a>.<\/p>","protected":false},"excerpt":{"rendered":"<p>D\u00e9sol\u00e9, cette entr\u00e9e de donn\u00e9es est seulement disponible en English.<\/p>\n","protected":false},"author":242,"featured_media":0,"parent":53107,"menu_order":25,"comment_status":"closed","ping_status":"closed","template":"","meta":{"_acf_changed":false,"footnotes":""},"class_list":["post-70785","page","type-page","status-publish","hentry"],"acf":[],"_links":{"self":[{"href":"https:\/\/www.nosm.ca\/fr\/wp-json\/wp\/v2\/pages\/70785","targetHints":{"allow":["GET"]}}],"collection":[{"href":"https:\/\/www.nosm.ca\/fr\/wp-json\/wp\/v2\/pages"}],"about":[{"href":"https:\/\/www.nosm.ca\/fr\/wp-json\/wp\/v2\/types\/page"}],"author":[{"embeddable":true,"href":"https:\/\/www.nosm.ca\/fr\/wp-json\/wp\/v2\/users\/242"}],"replies":[{"embeddable":true,"href":"https:\/\/www.nosm.ca\/fr\/wp-json\/wp\/v2\/comments?post=70785"}],"version-history":[{"count":41,"href":"https:\/\/www.nosm.ca\/fr\/wp-json\/wp\/v2\/pages\/70785\/revisions"}],"predecessor-version":[{"id":82492,"href":"https:\/\/www.nosm.ca\/fr\/wp-json\/wp\/v2\/pages\/70785\/revisions\/82492"}],"up":[{"embeddable":true,"href":"https:\/\/www.nosm.ca\/fr\/wp-json\/wp\/v2\/pages\/53107"}],"wp:attachment":[{"href":"https:\/\/www.nosm.ca\/fr\/wp-json\/wp\/v2\/media?parent=70785"}],"curies":[{"name":"wp","href":"https:\/\/api.w.org\/{rel}","templated":true}]}}