{"id":70561,"date":"2024-09-05T16:28:52","date_gmt":"2024-09-05T20:28:52","guid":{"rendered":"https:\/\/www.nosm.ca\/?page_id=70561"},"modified":"2024-10-24T15:19:49","modified_gmt":"2024-10-24T19:19:49","slug":"established-memorial-funds","status":"publish","type":"page","link":"https:\/\/www.nosm.ca\/fr\/how-to-donate\/established-memorial-funds\/","title":{"rendered":"Established Memorial Funds"},"content":{"rendered":"<p class=\"qtranxs-available-languages-message qtranxs-available-languages-message-fr\">D\u00e9sol\u00e9,  cette entr\u00e9e de donn\u00e9es est seulement disponible en <a href=\"https:\/\/www.nosm.ca\/en\/wp-json\/wp\/v2\/pages\/70561\" class=\"qtranxs-available-language-link qtranxs-available-language-link-en\" title=\"English\">English<\/a>.<\/p>","protected":false},"excerpt":{"rendered":"<p>D\u00e9sol\u00e9, cette entr\u00e9e de donn\u00e9es est seulement disponible en English.<\/p>\n","protected":false},"author":277,"featured_media":0,"parent":71638,"menu_order":20,"comment_status":"closed","ping_status":"closed","template":"","meta":{"_acf_changed":false,"footnotes":""},"class_list":["post-70561","page","type-page","status-publish","hentry"],"acf":[],"_links":{"self":[{"href":"https:\/\/www.nosm.ca\/fr\/wp-json\/wp\/v2\/pages\/70561","targetHints":{"allow":["GET"]}}],"collection":[{"href":"https:\/\/www.nosm.ca\/fr\/wp-json\/wp\/v2\/pages"}],"about":[{"href":"https:\/\/www.nosm.ca\/fr\/wp-json\/wp\/v2\/types\/page"}],"author":[{"embeddable":true,"href":"https:\/\/www.nosm.ca\/fr\/wp-json\/wp\/v2\/users\/277"}],"replies":[{"embeddable":true,"href":"https:\/\/www.nosm.ca\/fr\/wp-json\/wp\/v2\/comments?post=70561"}],"version-history":[{"count":18,"href":"https:\/\/www.nosm.ca\/fr\/wp-json\/wp\/v2\/pages\/70561\/revisions"}],"predecessor-version":[{"id":72494,"href":"https:\/\/www.nosm.ca\/fr\/wp-json\/wp\/v2\/pages\/70561\/revisions\/72494"}],"up":[{"embeddable":true,"href":"https:\/\/www.nosm.ca\/fr\/wp-json\/wp\/v2\/pages\/71638"}],"wp:attachment":[{"href":"https:\/\/www.nosm.ca\/fr\/wp-json\/wp\/v2\/media?parent=70561"}],"curies":[{"name":"wp","href":"https:\/\/api.w.org\/{rel}","templated":true}]}}