{"id":70523,"date":"2024-07-29T16:47:49","date_gmt":"2024-07-29T20:47:49","guid":{"rendered":"https:\/\/www.nosm.ca\/?page_id=70523"},"modified":"2025-02-05T14:02:31","modified_gmt":"2025-02-05T19:02:31","slug":"make-a-donation","status":"publish","type":"page","link":"https:\/\/www.nosm.ca\/fr\/how-to-donate\/make-a-donation\/","title":{"rendered":"Make a Donation"},"content":{"rendered":"<p class=\"qtranxs-available-languages-message qtranxs-available-languages-message-fr\">D\u00e9sol\u00e9,  cette entr\u00e9e de donn\u00e9es est seulement disponible en <a href=\"https:\/\/www.nosm.ca\/en\/wp-json\/wp\/v2\/pages\/70523\" class=\"qtranxs-available-language-link qtranxs-available-language-link-en\" title=\"English\">English<\/a>.<\/p>","protected":false},"excerpt":{"rendered":"<p>D\u00e9sol\u00e9, cette entr\u00e9e de donn\u00e9es est seulement disponible en English.<\/p>\n","protected":false},"author":277,"featured_media":0,"parent":71638,"menu_order":16,"comment_status":"closed","ping_status":"closed","template":"page-templates\/bbox-form.php","meta":{"_acf_changed":false,"footnotes":""},"class_list":["post-70523","page","type-page","status-publish","hentry"],"acf":[],"_links":{"self":[{"href":"https:\/\/www.nosm.ca\/fr\/wp-json\/wp\/v2\/pages\/70523","targetHints":{"allow":["GET"]}}],"collection":[{"href":"https:\/\/www.nosm.ca\/fr\/wp-json\/wp\/v2\/pages"}],"about":[{"href":"https:\/\/www.nosm.ca\/fr\/wp-json\/wp\/v2\/types\/page"}],"author":[{"embeddable":true,"href":"https:\/\/www.nosm.ca\/fr\/wp-json\/wp\/v2\/users\/277"}],"replies":[{"embeddable":true,"href":"https:\/\/www.nosm.ca\/fr\/wp-json\/wp\/v2\/comments?post=70523"}],"version-history":[{"count":78,"href":"https:\/\/www.nosm.ca\/fr\/wp-json\/wp\/v2\/pages\/70523\/revisions"}],"predecessor-version":[{"id":75994,"href":"https:\/\/www.nosm.ca\/fr\/wp-json\/wp\/v2\/pages\/70523\/revisions\/75994"}],"up":[{"embeddable":true,"href":"https:\/\/www.nosm.ca\/fr\/wp-json\/wp\/v2\/pages\/71638"}],"wp:attachment":[{"href":"https:\/\/www.nosm.ca\/fr\/wp-json\/wp\/v2\/media?parent=70523"}],"curies":[{"name":"wp","href":"https:\/\/api.w.org\/{rel}","templated":true}]}}