{"id":70400,"date":"2024-07-22T15:39:11","date_gmt":"2024-07-22T19:39:11","guid":{"rendered":"https:\/\/www.nosm.ca\/?page_id=70400"},"modified":"2025-11-14T19:16:35","modified_gmt":"2025-11-14T19:16:35","slug":"campmed-2024","status":"publish","type":"page","link":"https:\/\/www.nosm.ca\/fr\/our-community\/youth-engagement\/campmed\/campmed-2024\/","title":{"rendered":"CampMed 2024"},"content":{"rendered":"<p class=\"qtranxs-available-languages-message qtranxs-available-languages-message-fr\">D\u00e9sol\u00e9,  cette entr\u00e9e de donn\u00e9es est seulement disponible en <a href=\"https:\/\/www.nosm.ca\/en\/wp-json\/wp\/v2\/pages\/70400\" class=\"qtranxs-available-language-link qtranxs-available-language-link-en\" title=\"English\">English<\/a>.<\/p>","protected":false},"excerpt":{"rendered":"<p>D\u00e9sol\u00e9, cette entr\u00e9e de donn\u00e9es est seulement disponible en English.<\/p>\n","protected":false},"author":43,"featured_media":0,"parent":9310,"menu_order":3,"comment_status":"closed","ping_status":"closed","template":"page-templates\/quick-links-2.php","meta":{"_acf_changed":false,"footnotes":""},"class_list":["post-70400","page","type-page","status-publish","hentry"],"acf":[],"_links":{"self":[{"href":"https:\/\/www.nosm.ca\/fr\/wp-json\/wp\/v2\/pages\/70400","targetHints":{"allow":["GET"]}}],"collection":[{"href":"https:\/\/www.nosm.ca\/fr\/wp-json\/wp\/v2\/pages"}],"about":[{"href":"https:\/\/www.nosm.ca\/fr\/wp-json\/wp\/v2\/types\/page"}],"author":[{"embeddable":true,"href":"https:\/\/www.nosm.ca\/fr\/wp-json\/wp\/v2\/users\/43"}],"replies":[{"embeddable":true,"href":"https:\/\/www.nosm.ca\/fr\/wp-json\/wp\/v2\/comments?post=70400"}],"version-history":[{"count":19,"href":"https:\/\/www.nosm.ca\/fr\/wp-json\/wp\/v2\/pages\/70400\/revisions"}],"predecessor-version":[{"id":81701,"href":"https:\/\/www.nosm.ca\/fr\/wp-json\/wp\/v2\/pages\/70400\/revisions\/81701"}],"up":[{"embeddable":true,"href":"https:\/\/www.nosm.ca\/fr\/wp-json\/wp\/v2\/pages\/9310"}],"wp:attachment":[{"href":"https:\/\/www.nosm.ca\/fr\/wp-json\/wp\/v2\/media?parent=70400"}],"curies":[{"name":"wp","href":"https:\/\/api.w.org\/{rel}","templated":true}]}}