{"id":70307,"date":"2024-07-16T12:06:21","date_gmt":"2024-07-16T16:06:21","guid":{"rendered":"https:\/\/www.nosm.ca\/?page_id=70307"},"modified":"2025-06-17T15:36:00","modified_gmt":"2025-06-17T19:36:00","slug":"osap-out-of-province-funding","status":"publish","type":"page","link":"https:\/\/www.nosm.ca\/fr\/education\/current-learners\/osap-out-of-province-funding\/","title":{"rendered":"OSAP &#038; Out of Province Funding"},"content":{"rendered":"<p class=\"qtranxs-available-languages-message qtranxs-available-languages-message-fr\">D\u00e9sol\u00e9,  cette entr\u00e9e de donn\u00e9es est seulement disponible en <a href=\"https:\/\/www.nosm.ca\/en\/wp-json\/wp\/v2\/pages\/70307\" class=\"qtranxs-available-language-link qtranxs-available-language-link-en\" title=\"English\">English<\/a>.<\/p>","protected":false},"excerpt":{"rendered":"<p>D\u00e9sol\u00e9, cette entr\u00e9e de donn\u00e9es est seulement disponible en English.<\/p>\n","protected":false},"author":273,"featured_media":0,"parent":53107,"menu_order":16,"comment_status":"closed","ping_status":"closed","template":"page-templates\/quick-links-2.php","meta":{"_acf_changed":false,"footnotes":""},"class_list":["post-70307","page","type-page","status-publish","hentry"],"acf":[],"_links":{"self":[{"href":"https:\/\/www.nosm.ca\/fr\/wp-json\/wp\/v2\/pages\/70307","targetHints":{"allow":["GET"]}}],"collection":[{"href":"https:\/\/www.nosm.ca\/fr\/wp-json\/wp\/v2\/pages"}],"about":[{"href":"https:\/\/www.nosm.ca\/fr\/wp-json\/wp\/v2\/types\/page"}],"author":[{"embeddable":true,"href":"https:\/\/www.nosm.ca\/fr\/wp-json\/wp\/v2\/users\/273"}],"replies":[{"embeddable":true,"href":"https:\/\/www.nosm.ca\/fr\/wp-json\/wp\/v2\/comments?post=70307"}],"version-history":[{"count":21,"href":"https:\/\/www.nosm.ca\/fr\/wp-json\/wp\/v2\/pages\/70307\/revisions"}],"predecessor-version":[{"id":78611,"href":"https:\/\/www.nosm.ca\/fr\/wp-json\/wp\/v2\/pages\/70307\/revisions\/78611"}],"up":[{"embeddable":true,"href":"https:\/\/www.nosm.ca\/fr\/wp-json\/wp\/v2\/pages\/53107"}],"wp:attachment":[{"href":"https:\/\/www.nosm.ca\/fr\/wp-json\/wp\/v2\/media?parent=70307"}],"curies":[{"name":"wp","href":"https:\/\/api.w.org\/{rel}","templated":true}]}}