{"id":70303,"date":"2024-07-16T12:03:35","date_gmt":"2024-07-16T16:03:35","guid":{"rendered":"https:\/\/www.nosm.ca\/?page_id=70303"},"modified":"2026-02-09T10:25:13","modified_gmt":"2026-02-09T15:25:13","slug":"financial-assistance-programs","status":"publish","type":"page","link":"https:\/\/www.nosm.ca\/fr\/education\/current-learners\/financial-assistance-programs\/","title":{"rendered":"Financial Assistance Programs"},"content":{"rendered":"<p class=\"qtranxs-available-languages-message qtranxs-available-languages-message-fr\">D\u00e9sol\u00e9,  cette entr\u00e9e de donn\u00e9es est seulement disponible en <a href=\"https:\/\/www.nosm.ca\/en\/wp-json\/wp\/v2\/pages\/70303\" class=\"qtranxs-available-language-link qtranxs-available-language-link-en\" title=\"English\">English<\/a>.<\/p>","protected":false},"excerpt":{"rendered":"<p>D\u00e9sol\u00e9, cette entr\u00e9e de donn\u00e9es est seulement disponible en English.<\/p>\n","protected":false},"author":273,"featured_media":0,"parent":53107,"menu_order":14,"comment_status":"closed","ping_status":"closed","template":"page-templates\/quick-links-2.php","meta":{"_acf_changed":false,"footnotes":""},"class_list":["post-70303","page","type-page","status-publish","hentry"],"acf":[],"_links":{"self":[{"href":"https:\/\/www.nosm.ca\/fr\/wp-json\/wp\/v2\/pages\/70303","targetHints":{"allow":["GET"]}}],"collection":[{"href":"https:\/\/www.nosm.ca\/fr\/wp-json\/wp\/v2\/pages"}],"about":[{"href":"https:\/\/www.nosm.ca\/fr\/wp-json\/wp\/v2\/types\/page"}],"author":[{"embeddable":true,"href":"https:\/\/www.nosm.ca\/fr\/wp-json\/wp\/v2\/users\/273"}],"replies":[{"embeddable":true,"href":"https:\/\/www.nosm.ca\/fr\/wp-json\/wp\/v2\/comments?post=70303"}],"version-history":[{"count":37,"href":"https:\/\/www.nosm.ca\/fr\/wp-json\/wp\/v2\/pages\/70303\/revisions"}],"predecessor-version":[{"id":82770,"href":"https:\/\/www.nosm.ca\/fr\/wp-json\/wp\/v2\/pages\/70303\/revisions\/82770"}],"up":[{"embeddable":true,"href":"https:\/\/www.nosm.ca\/fr\/wp-json\/wp\/v2\/pages\/53107"}],"wp:attachment":[{"href":"https:\/\/www.nosm.ca\/fr\/wp-json\/wp\/v2\/media?parent=70303"}],"curies":[{"name":"wp","href":"https:\/\/api.w.org\/{rel}","templated":true}]}}