{"id":69280,"date":"2024-05-27T10:06:42","date_gmt":"2024-05-27T14:06:42","guid":{"rendered":"https:\/\/www.nosm.ca\/?page_id=69280"},"modified":"2026-03-13T15:14:53","modified_gmt":"2026-03-13T19:14:53","slug":"grand-rounds","status":"publish","type":"page","link":"https:\/\/www.nosm.ca\/fr\/fm-emergencymedicine\/grand-rounds\/","title":{"rendered":"Grand Rounds"},"content":{"rendered":"<p class=\"qtranxs-available-languages-message qtranxs-available-languages-message-fr\">D\u00e9sol\u00e9,  cette entr\u00e9e de donn\u00e9es est seulement disponible en <a href=\"https:\/\/www.nosm.ca\/en\/wp-json\/wp\/v2\/pages\/69280\" class=\"qtranxs-available-language-link qtranxs-available-language-link-en\" title=\"English\">English<\/a>.<\/p>","protected":false},"excerpt":{"rendered":"<p>D\u00e9sol\u00e9, cette entr\u00e9e de donn\u00e9es est seulement disponible en English.<\/p>\n","protected":false},"author":90,"featured_media":0,"parent":12382,"menu_order":9,"comment_status":"closed","ping_status":"closed","template":"","meta":{"_acf_changed":false,"footnotes":""},"class_list":["post-69280","page","type-page","status-publish","hentry"],"acf":[],"_links":{"self":[{"href":"https:\/\/www.nosm.ca\/fr\/wp-json\/wp\/v2\/pages\/69280","targetHints":{"allow":["GET"]}}],"collection":[{"href":"https:\/\/www.nosm.ca\/fr\/wp-json\/wp\/v2\/pages"}],"about":[{"href":"https:\/\/www.nosm.ca\/fr\/wp-json\/wp\/v2\/types\/page"}],"author":[{"embeddable":true,"href":"https:\/\/www.nosm.ca\/fr\/wp-json\/wp\/v2\/users\/90"}],"replies":[{"embeddable":true,"href":"https:\/\/www.nosm.ca\/fr\/wp-json\/wp\/v2\/comments?post=69280"}],"version-history":[{"count":12,"href":"https:\/\/www.nosm.ca\/fr\/wp-json\/wp\/v2\/pages\/69280\/revisions"}],"predecessor-version":[{"id":83322,"href":"https:\/\/www.nosm.ca\/fr\/wp-json\/wp\/v2\/pages\/69280\/revisions\/83322"}],"up":[{"embeddable":true,"href":"https:\/\/www.nosm.ca\/fr\/wp-json\/wp\/v2\/pages\/12382"}],"wp:attachment":[{"href":"https:\/\/www.nosm.ca\/fr\/wp-json\/wp\/v2\/media?parent=69280"}],"curies":[{"name":"wp","href":"https:\/\/api.w.org\/{rel}","templated":true}]}}