{"id":68722,"date":"2024-05-13T14:23:29","date_gmt":"2024-05-13T18:23:29","guid":{"rendered":"https:\/\/www.nosm.ca\/?page_id=68722"},"modified":"2026-02-05T13:20:38","modified_gmt":"2026-02-05T18:20:38","slug":"entering-class-of-2026-dpp","status":"publish","type":"page","link":"https:\/\/www.nosm.ca\/fr\/education\/current-learners\/entering-class-of-2026\/entering-class-of-2026-dpp\/","title":{"rendered":"Entering Class of 2026 &#8211; DPP"},"content":{"rendered":"<p class=\"qtranxs-available-languages-message qtranxs-available-languages-message-fr\">D\u00e9sol\u00e9,  cette entr\u00e9e de donn\u00e9es est seulement disponible en <a href=\"https:\/\/www.nosm.ca\/en\/wp-json\/wp\/v2\/pages\/68722\" class=\"qtranxs-available-language-link qtranxs-available-language-link-en\" title=\"English\">English<\/a>.<\/p>","protected":false},"excerpt":{"rendered":"<p>D\u00e9sol\u00e9, cette entr\u00e9e de donn\u00e9es est seulement disponible en English.<\/p>\n","protected":false},"author":43,"featured_media":0,"parent":60340,"menu_order":3,"comment_status":"closed","ping_status":"closed","template":"page-templates\/pg-landing2.php","meta":{"_acf_changed":false,"footnotes":""},"class_list":["post-68722","page","type-page","status-publish","hentry"],"acf":[],"_links":{"self":[{"href":"https:\/\/www.nosm.ca\/fr\/wp-json\/wp\/v2\/pages\/68722","targetHints":{"allow":["GET"]}}],"collection":[{"href":"https:\/\/www.nosm.ca\/fr\/wp-json\/wp\/v2\/pages"}],"about":[{"href":"https:\/\/www.nosm.ca\/fr\/wp-json\/wp\/v2\/types\/page"}],"author":[{"embeddable":true,"href":"https:\/\/www.nosm.ca\/fr\/wp-json\/wp\/v2\/users\/43"}],"replies":[{"embeddable":true,"href":"https:\/\/www.nosm.ca\/fr\/wp-json\/wp\/v2\/comments?post=68722"}],"version-history":[{"count":30,"href":"https:\/\/www.nosm.ca\/fr\/wp-json\/wp\/v2\/pages\/68722\/revisions"}],"predecessor-version":[{"id":82718,"href":"https:\/\/www.nosm.ca\/fr\/wp-json\/wp\/v2\/pages\/68722\/revisions\/82718"}],"up":[{"embeddable":true,"href":"https:\/\/www.nosm.ca\/fr\/wp-json\/wp\/v2\/pages\/60340"}],"wp:attachment":[{"href":"https:\/\/www.nosm.ca\/fr\/wp-json\/wp\/v2\/media?parent=68722"}],"curies":[{"name":"wp","href":"https:\/\/api.w.org\/{rel}","templated":true}]}}