{"id":68309,"date":"2024-05-01T13:15:32","date_gmt":"2024-05-01T17:15:32","guid":{"rendered":"https:\/\/www.nosm.ca\/?page_id=68309"},"modified":"2026-01-29T11:52:58","modified_gmt":"2026-01-29T16:52:58","slug":"francophone-affairs-welcome-letter","status":"publish","type":"page","link":"https:\/\/www.nosm.ca\/fr\/education\/current-learners\/entering-class-of-2026\/francophone-affairs-welcome-letter\/","title":{"rendered":"Francophone Affairs Welcome Letter"},"content":{"rendered":"<p class=\"qtranxs-available-languages-message qtranxs-available-languages-message-fr\">D\u00e9sol\u00e9,  cette entr\u00e9e de donn\u00e9es est seulement disponible en <a href=\"https:\/\/www.nosm.ca\/en\/wp-json\/wp\/v2\/pages\/68309\" class=\"qtranxs-available-language-link qtranxs-available-language-link-en\" title=\"English\">English<\/a>.<\/p>","protected":false},"excerpt":{"rendered":"<p>D\u00e9sol\u00e9, cette entr\u00e9e de donn\u00e9es est seulement disponible en English.<\/p>\n","protected":false},"author":43,"featured_media":0,"parent":60340,"menu_order":6,"comment_status":"closed","ping_status":"closed","template":"page-templates\/quick-links-2.php","meta":{"_acf_changed":false,"footnotes":""},"class_list":["post-68309","page","type-page","status-publish","hentry"],"acf":[],"_links":{"self":[{"href":"https:\/\/www.nosm.ca\/fr\/wp-json\/wp\/v2\/pages\/68309","targetHints":{"allow":["GET"]}}],"collection":[{"href":"https:\/\/www.nosm.ca\/fr\/wp-json\/wp\/v2\/pages"}],"about":[{"href":"https:\/\/www.nosm.ca\/fr\/wp-json\/wp\/v2\/types\/page"}],"author":[{"embeddable":true,"href":"https:\/\/www.nosm.ca\/fr\/wp-json\/wp\/v2\/users\/43"}],"replies":[{"embeddable":true,"href":"https:\/\/www.nosm.ca\/fr\/wp-json\/wp\/v2\/comments?post=68309"}],"version-history":[{"count":39,"href":"https:\/\/www.nosm.ca\/fr\/wp-json\/wp\/v2\/pages\/68309\/revisions"}],"predecessor-version":[{"id":82554,"href":"https:\/\/www.nosm.ca\/fr\/wp-json\/wp\/v2\/pages\/68309\/revisions\/82554"}],"up":[{"embeddable":true,"href":"https:\/\/www.nosm.ca\/fr\/wp-json\/wp\/v2\/pages\/60340"}],"wp:attachment":[{"href":"https:\/\/www.nosm.ca\/fr\/wp-json\/wp\/v2\/media?parent=68309"}],"curies":[{"name":"wp","href":"https:\/\/api.w.org\/{rel}","templated":true}]}}