{"id":6806,"date":"2018-02-15T09:35:22","date_gmt":"2018-02-15T14:35:22","guid":{"rendered":"https:\/\/wp.nosm.ca\/?page_id=6806"},"modified":"2026-03-10T16:18:52","modified_gmt":"2026-03-10T20:18:52","slug":"faculty","status":"publish","type":"page","link":"https:\/\/www.nosm.ca\/fr\/faculty\/","title":{"rendered":"Facult\u00e9"},"content":{"rendered":"<p class=\"qtranxs-available-languages-message qtranxs-available-languages-message-fr\">D\u00e9sol\u00e9,  cette entr\u00e9e de donn\u00e9es est seulement disponible en <a href=\"https:\/\/www.nosm.ca\/en\/wp-json\/wp\/v2\/pages\/6806\" class=\"qtranxs-available-language-link qtranxs-available-language-link-en\" title=\"English\">English<\/a>.<\/p>","protected":false},"excerpt":{"rendered":"<p>D\u00e9sol\u00e9, cette entr\u00e9e de donn\u00e9es est seulement disponible en English.<\/p>\n","protected":false},"author":16,"featured_media":0,"parent":0,"menu_order":14,"comment_status":"closed","ping_status":"closed","template":"page-templates\/pg-landing2.php","meta":{"_acf_changed":false,"footnotes":""},"class_list":["post-6806","page","type-page","status-publish","hentry"],"acf":[],"_links":{"self":[{"href":"https:\/\/www.nosm.ca\/fr\/wp-json\/wp\/v2\/pages\/6806","targetHints":{"allow":["GET"]}}],"collection":[{"href":"https:\/\/www.nosm.ca\/fr\/wp-json\/wp\/v2\/pages"}],"about":[{"href":"https:\/\/www.nosm.ca\/fr\/wp-json\/wp\/v2\/types\/page"}],"author":[{"embeddable":true,"href":"https:\/\/www.nosm.ca\/fr\/wp-json\/wp\/v2\/users\/16"}],"replies":[{"embeddable":true,"href":"https:\/\/www.nosm.ca\/fr\/wp-json\/wp\/v2\/comments?post=6806"}],"version-history":[{"count":68,"href":"https:\/\/www.nosm.ca\/fr\/wp-json\/wp\/v2\/pages\/6806\/revisions"}],"predecessor-version":[{"id":83220,"href":"https:\/\/www.nosm.ca\/fr\/wp-json\/wp\/v2\/pages\/6806\/revisions\/83220"}],"wp:attachment":[{"href":"https:\/\/www.nosm.ca\/fr\/wp-json\/wp\/v2\/media?parent=6806"}],"curies":[{"name":"wp","href":"https:\/\/api.w.org\/{rel}","templated":true}]}}