{"id":67485,"date":"2024-03-23T21:29:11","date_gmt":"2024-03-24T01:29:11","guid":{"rendered":"https:\/\/www.nosm.ca\/?page_id=67485"},"modified":"2024-07-11T09:55:01","modified_gmt":"2024-07-11T13:55:01","slug":"education-series-sessions","status":"publish","type":"page","link":"https:\/\/www.nosm.ca\/fr\/our-community\/nosm-physician-workforce-strategy\/coaching-and-mentoring-in-northern-ontario-camino\/camino-mentors\/education-series-sessions\/","title":{"rendered":"Education Series Sessions"},"content":{"rendered":"<p class=\"qtranxs-available-languages-message qtranxs-available-languages-message-fr\">D\u00e9sol\u00e9,  cette entr\u00e9e de donn\u00e9es est seulement disponible en <a href=\"https:\/\/www.nosm.ca\/en\/wp-json\/wp\/v2\/pages\/67485\" class=\"qtranxs-available-language-link qtranxs-available-language-link-en\" title=\"English\">English<\/a>.<\/p>","protected":false},"excerpt":{"rendered":"<p>D\u00e9sol\u00e9, cette entr\u00e9e de donn\u00e9es est seulement disponible en English.<\/p>\n","protected":false},"author":286,"featured_media":0,"parent":67482,"menu_order":2,"comment_status":"closed","ping_status":"closed","template":"","meta":{"_acf_changed":false,"footnotes":""},"class_list":["post-67485","page","type-page","status-publish","hentry"],"acf":[],"_links":{"self":[{"href":"https:\/\/www.nosm.ca\/fr\/wp-json\/wp\/v2\/pages\/67485","targetHints":{"allow":["GET"]}}],"collection":[{"href":"https:\/\/www.nosm.ca\/fr\/wp-json\/wp\/v2\/pages"}],"about":[{"href":"https:\/\/www.nosm.ca\/fr\/wp-json\/wp\/v2\/types\/page"}],"author":[{"embeddable":true,"href":"https:\/\/www.nosm.ca\/fr\/wp-json\/wp\/v2\/users\/286"}],"replies":[{"embeddable":true,"href":"https:\/\/www.nosm.ca\/fr\/wp-json\/wp\/v2\/comments?post=67485"}],"version-history":[{"count":13,"href":"https:\/\/www.nosm.ca\/fr\/wp-json\/wp\/v2\/pages\/67485\/revisions"}],"predecessor-version":[{"id":70201,"href":"https:\/\/www.nosm.ca\/fr\/wp-json\/wp\/v2\/pages\/67485\/revisions\/70201"}],"up":[{"embeddable":true,"href":"https:\/\/www.nosm.ca\/fr\/wp-json\/wp\/v2\/pages\/67482"}],"wp:attachment":[{"href":"https:\/\/www.nosm.ca\/fr\/wp-json\/wp\/v2\/media?parent=67485"}],"curies":[{"name":"wp","href":"https:\/\/api.w.org\/{rel}","templated":true}]}}