{"id":67482,"date":"2024-03-23T21:14:01","date_gmt":"2024-03-24T01:14:01","guid":{"rendered":"https:\/\/www.nosm.ca\/?page_id=67482"},"modified":"2024-06-18T22:18:10","modified_gmt":"2024-06-19T02:18:10","slug":"camino-mentors","status":"publish","type":"page","link":"https:\/\/www.nosm.ca\/fr\/our-community\/nosm-physician-workforce-strategy\/coaching-and-mentoring-in-northern-ontario-camino\/camino-mentors\/","title":{"rendered":"Mentor Skills Development Opportunities"},"content":{"rendered":"<p class=\"qtranxs-available-languages-message qtranxs-available-languages-message-fr\">D\u00e9sol\u00e9,  cette entr\u00e9e de donn\u00e9es est seulement disponible en <a href=\"https:\/\/www.nosm.ca\/en\/wp-json\/wp\/v2\/pages\/67482\" class=\"qtranxs-available-language-link qtranxs-available-language-link-en\" title=\"English\">English<\/a>.<\/p>","protected":false},"excerpt":{"rendered":"<p>D\u00e9sol\u00e9, cette entr\u00e9e de donn\u00e9es est seulement disponible en English.<\/p>\n","protected":false},"author":286,"featured_media":0,"parent":67464,"menu_order":1,"comment_status":"closed","ping_status":"closed","template":"","meta":{"_acf_changed":false,"footnotes":""},"class_list":["post-67482","page","type-page","status-publish","hentry"],"acf":[],"_links":{"self":[{"href":"https:\/\/www.nosm.ca\/fr\/wp-json\/wp\/v2\/pages\/67482","targetHints":{"allow":["GET"]}}],"collection":[{"href":"https:\/\/www.nosm.ca\/fr\/wp-json\/wp\/v2\/pages"}],"about":[{"href":"https:\/\/www.nosm.ca\/fr\/wp-json\/wp\/v2\/types\/page"}],"author":[{"embeddable":true,"href":"https:\/\/www.nosm.ca\/fr\/wp-json\/wp\/v2\/users\/286"}],"replies":[{"embeddable":true,"href":"https:\/\/www.nosm.ca\/fr\/wp-json\/wp\/v2\/comments?post=67482"}],"version-history":[{"count":12,"href":"https:\/\/www.nosm.ca\/fr\/wp-json\/wp\/v2\/pages\/67482\/revisions"}],"predecessor-version":[{"id":67979,"href":"https:\/\/www.nosm.ca\/fr\/wp-json\/wp\/v2\/pages\/67482\/revisions\/67979"}],"up":[{"embeddable":true,"href":"https:\/\/www.nosm.ca\/fr\/wp-json\/wp\/v2\/pages\/67464"}],"wp:attachment":[{"href":"https:\/\/www.nosm.ca\/fr\/wp-json\/wp\/v2\/media?parent=67482"}],"curies":[{"name":"wp","href":"https:\/\/api.w.org\/{rel}","templated":true}]}}