{"id":66779,"date":"2024-03-04T08:49:09","date_gmt":"2024-03-04T13:49:09","guid":{"rendered":"https:\/\/www.nosm.ca\/?page_id=66779"},"modified":"2024-03-04T10:13:48","modified_gmt":"2024-03-04T15:13:48","slug":"toronto-ottawa-housing-information","status":"publish","type":"page","link":"https:\/\/www.nosm.ca\/fr\/our-community\/wider-campus-of-the-northern-ontario-school-of-medicine\/housing\/toronto-ottawa-housing-information\/","title":{"rendered":"Toronto &#038; Ottawa Housing Information"},"content":{"rendered":"<p class=\"qtranxs-available-languages-message qtranxs-available-languages-message-fr\">D\u00e9sol\u00e9,  cette entr\u00e9e de donn\u00e9es est seulement disponible en <a href=\"https:\/\/www.nosm.ca\/en\/wp-json\/wp\/v2\/pages\/66779\" class=\"qtranxs-available-language-link qtranxs-available-language-link-en\" title=\"English\">English<\/a>.<\/p>","protected":false},"excerpt":{"rendered":"<p>D\u00e9sol\u00e9, cette entr\u00e9e de donn\u00e9es est seulement disponible en English.<\/p>\n","protected":false},"author":296,"featured_media":0,"parent":35416,"menu_order":6,"comment_status":"closed","ping_status":"closed","template":"","meta":{"_acf_changed":false,"footnotes":""},"class_list":["post-66779","page","type-page","status-publish","hentry"],"acf":[],"_links":{"self":[{"href":"https:\/\/www.nosm.ca\/fr\/wp-json\/wp\/v2\/pages\/66779","targetHints":{"allow":["GET"]}}],"collection":[{"href":"https:\/\/www.nosm.ca\/fr\/wp-json\/wp\/v2\/pages"}],"about":[{"href":"https:\/\/www.nosm.ca\/fr\/wp-json\/wp\/v2\/types\/page"}],"author":[{"embeddable":true,"href":"https:\/\/www.nosm.ca\/fr\/wp-json\/wp\/v2\/users\/296"}],"replies":[{"embeddable":true,"href":"https:\/\/www.nosm.ca\/fr\/wp-json\/wp\/v2\/comments?post=66779"}],"version-history":[{"count":1,"href":"https:\/\/www.nosm.ca\/fr\/wp-json\/wp\/v2\/pages\/66779\/revisions"}],"predecessor-version":[{"id":66780,"href":"https:\/\/www.nosm.ca\/fr\/wp-json\/wp\/v2\/pages\/66779\/revisions\/66780"}],"up":[{"embeddable":true,"href":"https:\/\/www.nosm.ca\/fr\/wp-json\/wp\/v2\/pages\/35416"}],"wp:attachment":[{"href":"https:\/\/www.nosm.ca\/fr\/wp-json\/wp\/v2\/media?parent=66779"}],"curies":[{"name":"wp","href":"https:\/\/api.w.org\/{rel}","templated":true}]}}