{"id":6646,"date":"2018-02-13T13:46:12","date_gmt":"2018-02-13T18:46:12","guid":{"rendered":"https:\/\/wp.nosm.ca\/?page_id=6646"},"modified":"2025-09-19T10:46:32","modified_gmt":"2025-09-19T14:46:32","slug":"residency-programs","status":"publish","type":"page","link":"https:\/\/www.nosm.ca\/fr\/pgme-office\/future-residents\/residency-programs\/","title":{"rendered":"Programmes d&rsquo;\u00e9tudes sup\u00e9rieures (r\u00e9sidences)"},"content":{"rendered":"<p>L\u2019\u00c9cole de m\u00e9decine du Nord de l&rsquo;Ontario offre de la formation postdoctorale dans huit sp\u00e9cialit\u00e9s du Coll\u00e8ge royal des m\u00e9decins et chirurgiens du Canada, en m\u00e9decine familiale et divers programmes de comp\u00e9tences avanc\u00e9es R3 en m\u00e9decine familiale, y compris m\u00e9decine d\u2019urgence, anesth\u00e9siologie, obst\u00e9trique, soins aux personnes \u00e2g\u00e9es, Premi\u00e8res Nations \u00e9loign\u00e9es et comp\u00e9tences avanc\u00e9es autodirig\u00e9es.<\/p>\n<p>Les programmes de r\u00e9sidence de l&rsquo;EMNO n\u2019ont pas leur pareil en ce qui concerne l\u2019exposition \u00e0 des contextes vari\u00e9s qui combinent l\u2019apprentissage dans de grands centres universitaires et des stages cliniques dans tout le Nord de l&rsquo;Ontario.<\/p>","protected":false},"excerpt":{"rendered":"<p>L\u2019\u00c9cole de m\u00e9decine du Nord de l&rsquo;Ontario offre de la formation postdoctorale dans huit sp\u00e9cialit\u00e9s du Coll\u00e8ge royal des m\u00e9decins et chirurgiens du Canada, en m\u00e9decine familiale et divers programmes de comp\u00e9tences avanc\u00e9es R3 en m\u00e9decine familiale, y compris m\u00e9decine d\u2019urgence, anesth\u00e9siologie, obst\u00e9trique, soins aux personnes \u00e2g\u00e9es, Premi\u00e8res Nations \u00e9loign\u00e9es et comp\u00e9tences avanc\u00e9es autodirig\u00e9es. Les &hellip; <a href=\"https:\/\/www.nosm.ca\/fr\/pgme-office\/future-residents\/residency-programs\/\" class=\"more-link\">Continue reading <span class=\"screen-reader-text\">Programmes d&rsquo;\u00e9tudes sup\u00e9rieures (r\u00e9sidences)<\/span> <span class=\"meta-nav\">&rarr;<\/span><\/a><\/p>\n","protected":false},"author":15,"featured_media":0,"parent":79048,"menu_order":4,"comment_status":"closed","ping_status":"closed","template":"page-templates\/pg-landing3.php","meta":{"_acf_changed":false,"footnotes":""},"class_list":["post-6646","page","type-page","status-publish","hentry"],"acf":[],"_links":{"self":[{"href":"https:\/\/www.nosm.ca\/fr\/wp-json\/wp\/v2\/pages\/6646","targetHints":{"allow":["GET"]}}],"collection":[{"href":"https:\/\/www.nosm.ca\/fr\/wp-json\/wp\/v2\/pages"}],"about":[{"href":"https:\/\/www.nosm.ca\/fr\/wp-json\/wp\/v2\/types\/page"}],"author":[{"embeddable":true,"href":"https:\/\/www.nosm.ca\/fr\/wp-json\/wp\/v2\/users\/15"}],"replies":[{"embeddable":true,"href":"https:\/\/www.nosm.ca\/fr\/wp-json\/wp\/v2\/comments?post=6646"}],"version-history":[{"count":65,"href":"https:\/\/www.nosm.ca\/fr\/wp-json\/wp\/v2\/pages\/6646\/revisions"}],"predecessor-version":[{"id":80653,"href":"https:\/\/www.nosm.ca\/fr\/wp-json\/wp\/v2\/pages\/6646\/revisions\/80653"}],"up":[{"embeddable":true,"href":"https:\/\/www.nosm.ca\/fr\/wp-json\/wp\/v2\/pages\/79048"}],"wp:attachment":[{"href":"https:\/\/www.nosm.ca\/fr\/wp-json\/wp\/v2\/media?parent=6646"}],"curies":[{"name":"wp","href":"https:\/\/api.w.org\/{rel}","templated":true}]}}