{"id":6601,"date":"2018-02-12T16:14:36","date_gmt":"2018-02-12T21:14:36","guid":{"rendered":"https:\/\/wp.nosm.ca\/?page_id=6601"},"modified":"2025-02-04T15:05:47","modified_gmt":"2025-02-04T20:05:47","slug":"education","status":"publish","type":"page","link":"https:\/\/www.nosm.ca\/fr\/education\/","title":{"rendered":"\u00c9ducation"},"content":{"rendered":"<p><\/p>\n<h2>Un mod\u00e8le de formation m\u00e9dicale r\u00e9gionalis\u00e9e faisant appel aux communaut\u00e9s.<\/h2>\n<p>L&rsquo;\u00c9cole de m\u00e9decine du Nord de l&rsquo;Ontario administre une gamme de programmes de formation couvrant les niveaux du premier cycle, postdoctoral et d\u2019\u00e9ducation permanente professionnelle des m\u00e9decins ainsi que de plusieurs professions comme celles de di\u00e9t\u00e9tiste et d\u2019adjoint aux m\u00e9decins.<\/p>\n<p>Ces programmes se d\u00e9roulent dans des petites et grandes communaut\u00e9s du Nord de l&rsquo;Ontario. Cette approche refl\u00e8te la philosophie de l&rsquo;enseignement r\u00e9gionalis\u00e9 engageant profond\u00e9ment les communaut\u00e9s qui d\u00e9coule de son mandat qui est de r\u00e9pondre aux besoins de la population du Nord de l&rsquo;Ontario en mati\u00e8re de sant\u00e9. Les programmes couvrent\u00a0: la formation en m\u00e9decine; la formation m\u00e9dicale postdoctorale; l\u2019\u00e9ducation permanente et le perfectionnement professionnel; les sciences de la sant\u00e9 et l\u2019\u00e9ducation interprofessionnelle.<\/p>","protected":false},"excerpt":{"rendered":"<p>Un mod\u00e8le de formation m\u00e9dicale r\u00e9gionalis\u00e9e faisant appel aux communaut\u00e9s. L&rsquo;\u00c9cole de m\u00e9decine du Nord de l&rsquo;Ontario administre une gamme de programmes de formation couvrant les niveaux du premier cycle, postdoctoral et d\u2019\u00e9ducation permanente professionnelle des m\u00e9decins ainsi que de plusieurs professions comme celles de di\u00e9t\u00e9tiste et d\u2019adjoint aux m\u00e9decins. Ces programmes se d\u00e9roulent dans &hellip; <a href=\"https:\/\/www.nosm.ca\/fr\/education\/\" class=\"more-link\">Continue reading <span class=\"screen-reader-text\">\u00c9ducation<\/span> <span class=\"meta-nav\">&rarr;<\/span><\/a><\/p>\n","protected":false},"author":15,"featured_media":0,"parent":0,"menu_order":11,"comment_status":"closed","ping_status":"closed","template":"page-templates\/quick-links-2.php","meta":{"_acf_changed":false,"footnotes":""},"class_list":["post-6601","page","type-page","status-publish","hentry"],"acf":[],"_links":{"self":[{"href":"https:\/\/www.nosm.ca\/fr\/wp-json\/wp\/v2\/pages\/6601","targetHints":{"allow":["GET"]}}],"collection":[{"href":"https:\/\/www.nosm.ca\/fr\/wp-json\/wp\/v2\/pages"}],"about":[{"href":"https:\/\/www.nosm.ca\/fr\/wp-json\/wp\/v2\/types\/page"}],"author":[{"embeddable":true,"href":"https:\/\/www.nosm.ca\/fr\/wp-json\/wp\/v2\/users\/15"}],"replies":[{"embeddable":true,"href":"https:\/\/www.nosm.ca\/fr\/wp-json\/wp\/v2\/comments?post=6601"}],"version-history":[{"count":16,"href":"https:\/\/www.nosm.ca\/fr\/wp-json\/wp\/v2\/pages\/6601\/revisions"}],"predecessor-version":[{"id":75977,"href":"https:\/\/www.nosm.ca\/fr\/wp-json\/wp\/v2\/pages\/6601\/revisions\/75977"}],"wp:attachment":[{"href":"https:\/\/www.nosm.ca\/fr\/wp-json\/wp\/v2\/media?parent=6601"}],"curies":[{"name":"wp","href":"https:\/\/api.w.org\/{rel}","templated":true}]}}