{"id":65256,"date":"2023-12-18T14:43:01","date_gmt":"2023-12-18T19:43:01","guid":{"rendered":"https:\/\/www.nosm.ca\/?page_id=65256"},"modified":"2024-11-01T13:57:23","modified_gmt":"2024-11-01T17:57:23","slug":"presidential-search","status":"publish","type":"page","link":"https:\/\/www.nosm.ca\/fr\/about\/governance\/presidential-search\/","title":{"rendered":"Presidential Search"},"content":{"rendered":"<p class=\"qtranxs-available-languages-message qtranxs-available-languages-message-fr\">D\u00e9sol\u00e9,  cette entr\u00e9e de donn\u00e9es est seulement disponible en <a href=\"https:\/\/www.nosm.ca\/en\/wp-json\/wp\/v2\/pages\/65256\" class=\"qtranxs-available-language-link qtranxs-available-language-link-en\" title=\"English\">English<\/a>.<\/p>","protected":false},"excerpt":{"rendered":"<p>D\u00e9sol\u00e9, cette entr\u00e9e de donn\u00e9es est seulement disponible en English.<\/p>\n","protected":false},"author":122,"featured_media":0,"parent":857,"menu_order":5,"comment_status":"closed","ping_status":"closed","template":"","meta":{"_acf_changed":false,"footnotes":""},"class_list":["post-65256","page","type-page","status-publish","hentry"],"acf":[],"_links":{"self":[{"href":"https:\/\/www.nosm.ca\/fr\/wp-json\/wp\/v2\/pages\/65256","targetHints":{"allow":["GET"]}}],"collection":[{"href":"https:\/\/www.nosm.ca\/fr\/wp-json\/wp\/v2\/pages"}],"about":[{"href":"https:\/\/www.nosm.ca\/fr\/wp-json\/wp\/v2\/types\/page"}],"author":[{"embeddable":true,"href":"https:\/\/www.nosm.ca\/fr\/wp-json\/wp\/v2\/users\/122"}],"replies":[{"embeddable":true,"href":"https:\/\/www.nosm.ca\/fr\/wp-json\/wp\/v2\/comments?post=65256"}],"version-history":[{"count":29,"href":"https:\/\/www.nosm.ca\/fr\/wp-json\/wp\/v2\/pages\/65256\/revisions"}],"predecessor-version":[{"id":72854,"href":"https:\/\/www.nosm.ca\/fr\/wp-json\/wp\/v2\/pages\/65256\/revisions\/72854"}],"up":[{"embeddable":true,"href":"https:\/\/www.nosm.ca\/fr\/wp-json\/wp\/v2\/pages\/857"}],"wp:attachment":[{"href":"https:\/\/www.nosm.ca\/fr\/wp-json\/wp\/v2\/media?parent=65256"}],"curies":[{"name":"wp","href":"https:\/\/api.w.org\/{rel}","templated":true}]}}